{"id":1202,"date":"2018-02-10T12:21:20","date_gmt":"2018-02-10T11:21:20","guid":{"rendered":"https:\/\/www.vogelsitze.com\/kontakt\/"},"modified":"2026-02-09T22:15:45","modified_gmt":"2026-02-09T21:15:45","slug":"contact-us","status":"publish","type":"page","link":"https:\/\/www.brusaseating.eu\/en\/contact-us\/","title":{"rendered":"Contact Us"},"content":{"rendered":"<p>[vc_row][vc_column][vc_empty_space][vc_column_text]<\/p>\n<p style=\"font-size: 40px;\"><strong>Brusa Seating around the world<\/strong><\/p>\n<p>[\/vc_column_text][vc_column_text]<\/p>\n<p style=\"font-size: 30px;\"><strong>Choose your country \/ region<\/strong><\/p>\n<p>[\/vc_column_text][vc_empty_space][accordion_father icon=&#8221;fas fa-chevron-down&#8221; activeicon=&#8221;fas fa-chevron-up&#8221;][accordion_son title=&#8221;Europe&#8221;]<\/p>\n<div class=\"row\">\n<div class=\"col-lg-6\"><span style=\"color: gray; font-size: 30px;\">Germany | Production, Sales, Service<\/span><\/div>\n<div class=\"col-lg-6\">VOGELSITZE GmbH<\/div>\n<\/div>\n<div class=\"row\" style=\"border-bottom: 1px solid #000000;\">\n<p class=\"col-lg-6\" style=\"font-size: 20px;\">Junghof Str. 5D-60311 Frankfurt a.m.<br \/>\nBusiness hours:<br \/>\nMonday &#8211; Thursday<br \/>\n08:00 &#8211; 12:00 o&#8217;clock<br \/>\n13:00 &#8211; 16:00 o&#8217;clock<br \/>\nFriday<br \/>\n08:00 &#8211; 15:00 o&#8217;clock<\/p>\n<p class=\"col-lg-6\" style=\"font-size: 20px;\">Tel: +49 721 47020<br \/>\nEmail: &#x69;&#x6e;&#102;o&#x40;&#x76;&#x6f;&#103;e&#x6c;&#x73;&#x69;&#116;z&#x65;&#x2e;&#x63;&#111;m<\/p>\n<p>&nbsp;<\/p>\n<\/div>\n<p>&nbsp;<\/p>\n<div class=\"row\" style=\"border-bottom: 1px solid #000000;\">\n<div class=\"col-lg-12\">\n<p style=\"color: gray; font-size: 30px;\">Benelux | Production, Sales, Service<\/p>\n<\/div>\n<p class=\"col-lg-6\" style=\"font-size: 20px;\">BRUSA BV<br \/>\nLange Voren 8<br \/>\nNL-5555 XN Valkenswaard<\/p>\n<p class=\"col-lg-6\" style=\"font-size: 20px;\">Tel: +31 40 2310677<br \/>\nEmail: &#x65;r&#x73;&#105;&#x6e;&#x2e;c&#x6f;&#115;&#x6b;&#x75;n&#x40;&#98;&#x72;&#x75;s&#x61;&#115;&#x65;&#x61;t&#x69;&#110;&#x67;&#x2e;e&#x75;<\/p>\n<p>&nbsp;<\/p>\n<\/div>\n<p>&nbsp;<\/p>\n<div class=\"row\" style=\"border-bottom: 1px solid #000000;\">\n<div class=\"col-lg-12\">\n<p style=\"color: gray; font-size: 30px;\">Denmark<\/p>\n<\/div>\n<p class=\"col-lg-6\" style=\"font-size: 20px;\">see Sweden &#8211; NENCO AB<\/p>\n<div class=\"col-lg-6\" style=\"font-size: 20px;\"><\/div>\n<\/div>\n<p>&nbsp;<\/p>\n<div class=\"row\" style=\"border-bottom: 1px solid #000000;\">\n<div class=\"col-lg-12\">\n<p style=\"color: gray; font-size: 30px;\">France | Sales, Service<\/p>\n<\/div>\n<p class=\"col-lg-6\" style=\"font-size: 20px;\">SUNVIAUTO FRANCE SARL<br \/>\nEspace d&#8217;activit\u00e9 des Berthilliers<br \/>\n157 chemin des Jonch\u00e9res<br \/>\n71850 CHARNAY-LES-MACON<\/p>\n<p class=\"col-lg-6\" style=\"font-size: 20px;\">Tel: +351937558100<br \/>\nEmail: &#x63;&#x6f;&#114;&#114;ei&#x6f;&#x40;&#x73;&#117;nv&#x69;&#x61;&#x75;&#116;&#111;&#46;&#x70;&#x74;<br \/>\nwww.sunviauto.pt<\/p>\n<p>&nbsp;<\/p>\n<\/div>\n<div class=\"row\" style=\"border-bottom: 1px solid #000000;\">\n<div class=\"col-lg-12\">\n<p>&nbsp;<\/p>\n<p style=\"color: gray; font-size: 30px;\">Great Britain, Republic of Ireland | Parts, Service and Sales Support<\/p>\n<\/div>\n<p class=\"col-lg-6\" style=\"font-size: 20px;\">United Passenger Seating UK Ltd.<br \/>\n8 Garland Drive<br \/>\nDoncaster<br \/>\nDN4 8FQ<\/p>\n<p class=\"col-lg-6\" style=\"font-size: 20px;\">Tel: +44 (0) 7507 269 830<br \/>\nEmail: &#x62;&#105;&#x72;&#111;l&#x2e;&#111;z&#x74;&#117;&#x72;&#x6b;&#64;&#x75;&#110;i&#x74;&#101;&#x64;&#x70;s&#x2e;&#99;o&#x2e;&#117;k<br \/>\nwww.unitedps.co.uk<\/p>\n<\/div>\n<p>&nbsp;<\/p>\n<div class=\"row\" style=\"border-bottom: 1px solid #000000;\">\n<div class=\"col-lg-12\">\n<p style=\"color: gray; font-size: 30px;\">Italy | Service<\/p>\n<\/div>\n<p class=\"col-lg-6\" style=\"font-size: 20px;\">Ferragutti E Zironi S.R.L.<br \/>\nViale delle Nazioni<br \/>\nI &#8211; 41 122 Modena<\/p>\n<p class=\"col-lg-6\" style=\"font-size: 20px;\">Tel: +39 59 312 152<br \/>\nEmail: &#x66;&#x65;&#x72;&#x72;&#x61;&#x67;&#x30;&#x31;&#x40;&#x7a;&#x69;&#x72;&#x6f;&#x6e;&#x69;&#x74;&#x2e;&#x31;&#x39;&#x31;&#x2e;&#x49;&#x54;<\/p>\n<\/div>\n<p>&nbsp;<\/p>\n<div class=\"row\" style=\"border-bottom: 1px solid #000000;\">\n<div class=\"col-lg-12\">\n<p style=\"color: gray; font-size: 30px;\">Portugal | Production, Sales, Service<\/p>\n<\/div>\n<p class=\"col-lg-6\" style=\"font-size: 20px;\">SUNVIAUTO S.A.<br \/>\nRua da Bela Vista, 530<br \/>\n4415-170 Pedroso &#8211; Vila Nova de<br \/>\nGaia PORTUGAL<\/p>\n<p class=\"col-lg-6\" style=\"font-size: 20px;\">Tel: +351 227 865 200<br \/>\nEmail: correi&#111;&#64;&#115;&#117;&#110;&#118;&#105;&#x61;&#x75;&#x74;&#x6f;&#x2e;&#x70;&#x74;<br \/>\nwww.sunviauto.pt<\/p>\n<\/div>\n<p>&nbsp;<\/p>\n<div class=\"row\" style=\"border-bottom: 1px solid #000000;\">\n<div class=\"col-lg-12\">\n<p style=\"color: gray; font-size: 30px;\">Spain | Sales, Service<\/p>\n<\/div>\n<p class=\"col-lg-6\" style=\"font-size: 20px;\">SUNVIAUTO ESPANA<br \/>\nPoligono Industrial Iruregana<br \/>\nNaves 69 y 70 31195 &#8211; Aizoain<br \/>\n(Navarra)<\/p>\n<p class=\"col-lg-6\" style=\"font-size: 20px;\">Tel: +34 948 350 710<br \/>\nEmail: &#106;&#x6f;&#115;&#x65;&#46;&#x7a;&#117;&#x64;&#97;&#x69;&#114;&#x65;&#64;&#x73;u&#x6e;v&#x69;a&#x75;t&#x6f;&#46;&#112;&#x74;<br \/>\nwww.sunviauto.pt<\/p>\n<\/div>\n<p>&nbsp;<\/p>\n<div class=\"row\" style=\"border-bottom: 1px solid #000000;\">\n<div class=\"col-lg-12\">\n<p style=\"color: gray; font-size: 30px;\">Sweden | Sales, Service<\/p>\n<\/div>\n<p class=\"col-lg-6\" style=\"font-size: 20px;\">NENCO AB<br \/>\nSE &#8211; 256 64 Helsingborg<\/p>\n<p class=\"col-lg-6\" style=\"font-size: 20px;\">Tel: +46 42 16 48 60<br \/>\nEmail: mailbo&#120;&#64;&#110;&#101;&#110;&#99;&#111;&#x2e;&#x73;&#x65;<br \/>\nwww.nenco.se<\/p>\n<\/div>\n<p>&nbsp;<\/p>\n<div class=\"row\" style=\"border-bottom: 1px solid #000000;\">\n<div class=\"col-lg-12\">\n<p style=\"color: gray; font-size: 30px;\">Turkey | Headquarter<\/p>\n<\/div>\n<p class=\"col-lg-6\" style=\"font-size: 20px;\">BRUSA KOLTUK VE \u0130\u00c7 TR\u0130M TEKNOLOJ\u0130LER\u0130 SAN. T\u0130C. A.\u015e.<br \/>\nNil\u00fcfer Fethiye OSB Mah. Turkuaz Cad.<br \/>\nNO: 1 Bursa<\/p>\n<p class=\"col-lg-6\" style=\"font-size: 20px;\">Tel: +90 224 241 76 80<br \/>\nEmail: &#98;r&#x75;s&#x61;&#64;&#x62;&#114;&#x75;&#115;a&#x73;e&#x61;&#116;&#x69;&#110;&#x67;&#46;&#x65;&#117;<br \/>\nwww.brusaseating.eu<\/p>\n<\/div>\n<p>&nbsp;[\/accordion_son][\/accordion_father][vc_separator color=&#8221;black&#8221;][accordion_father icon=&#8221;fas fa-chevron-down&#8221; activeicon=&#8221;fas fa-chevron-up&#8221;][accordion_son title=&#8221;Asia&#8221;]<\/p>\n<div class=\"row\">\n<p class=\"col-lg-6\" style=\"font-size: 20px;\"><span style=\"color: gray; font-size: 30px;\">Israel | Service<\/span><\/p>\n<p>&nbsp;<\/p><\/div>\n<div class=\"row\" style=\"border-bottom: 1px solid #000000;\">\n<p class=\"col-lg-6\" style=\"font-size: 20px;\">OTO NOAH Ltd. Pashosh 4<br \/>\n0000 Ramla \/ Israel<\/p>\n<p class=\"col-lg-6\" style=\"font-size: 20px;\">Tel: +972 50 525 1286<br \/>\nEmail: ad&#46;avi&#46;danin&#111;&#64;&#103;&#109;&#97;&#105;&#108;&#46;&#99;&#111;&#109;<\/p>\n<p>&nbsp;<\/p><\/div>\n<p>&nbsp;<\/p>\n<div class=\"row\" style=\"border-bottom: 1px solid #000000;\">\n<div class=\"col-lg-12\">\n<p style=\"color: gray; font-size: 30px;\">Malaysia | Service<\/p>\n<p>&nbsp;<\/p><\/div>\n<p class=\"col-lg-6\" style=\"font-size: 20px;\">see South Korea Tara Korea<\/p>\n<div class=\"col-lg-6\" style=\"font-size: 20px;\"><\/div>\n<\/div>\n<p>&nbsp;<\/p>\n<div class=\"row\" style=\"border-bottom: 1px solid #000000;\">\n<div class=\"col-lg-12\">\n<p style=\"color: gray; font-size: 30px;\">South Korea | Sales, Service<\/p>\n<\/div>\n<p class=\"col-lg-6\" style=\"font-size: 20px;\">Tara Korea<br \/>\n69 Everland-ro, Pogok-eup,<br \/>\nCheoin-gu, Yongin-si,<br \/>\nGyeonggi-do, 17023<\/p>\n<p class=\"col-lg-6\" style=\"font-size: 20px;\">Tel: +82 (0)31 9140031<br \/>\nMobile: +82 (0)10 41391139<br \/>\nEmail: &#x6d;&#x6a;&#x70;&#x61;&#x72;&#x6b;&#x40;&#x74;&#x61;&#x72;&#x61;&#x6b;&#x6f;&#x72;&#101;&#97;&#46;&#99;&#111;&#109;<br \/>\n&#100;y&#107;i&#109;&#64;&#x74;a&#x72;a&#x6b;o&#x72;e&#x61;&#46;&#x63;o&#x6d;<\/p>\n<\/div>\n<p>&nbsp;<\/p>\n<div class=\"row\" style=\"border-bottom: 1px solid #000000;\">\n<div class=\"col-lg-12\">\n<p style=\"color: gray; font-size: 30px;\">Hong Kong | Service<\/p>\n<\/div>\n<p class=\"col-lg-6\" style=\"font-size: 20px;\">Wah Kee Auto Ltd.<br \/>\nFlat 803, 8\/F,<\/p>\n<p>Kin Wing Indl. Bldg.,<br \/>\n33 Kin Wing St. Tuen Mun, N.T., Hong Kong<\/p>\n<p class=\"col-lg-6\" style=\"font-size: 20px;\">Mobile:<br \/>\nMr. Joe: +852 9629 5957<br \/>\nMr. Yuen: +852 6977 6895<\/p>\n<p>Email: &#x77;&#97;&#104;&#x6b;&#x65;&#101;&#97;&#x75;&#x74;&#111;&#108;&#x74;&#x64;&#64;&#104;&#x6f;&#x74;&#109;&#97;&#x69;&#x6c;&#46;&#99;&#x6f;&#x6d;<\/p><\/div>\n<p>[\/accordion_son][\/accordion_father][vc_separator color=&#8221;black&#8221;][accordion_father icon=&#8221;fas fa-chevron-down&#8221; activeicon=&#8221;fas fa-chevron-up&#8221;][accordion_son title=&#8221;Africa&#8221;]<\/p>\n<div class=\"row\">\n<div class=\"col-lg-12\">\n<p style=\"color: gray; font-size: 30px;\">Egypt | Production, Sales, Service<\/p>\n<\/div>\n<p class=\"col-lg-6\" style=\"font-size: 20px;\">MCV Manufacturing<br \/>\nCommercial Vehicles<br \/>\nAdress: km24, Cairo &#8211; Ismailia<br \/>\ndesert road, El-Obour. Cairo<\/p>\n<p class=\"col-lg-6\" style=\"font-size: 20px;\">Tel: \u00a0+202 2658 3192<br \/>\n+202 2658 3046<br \/>\nFax: +202 2658 3122<\/p>\n<\/div>\n<p>[\/accordion_son][\/accordion_father][vc_separator color=&#8221;black&#8221;][accordion_father icon=&#8221;fas fa-chevron-down&#8221; activeicon=&#8221;fas fa-chevron-up&#8221;][accordion_son title=&#8221;America&#8221;]<\/p>\n<div class=\"row\">\n<div class=\"col-lg-12\">\n<p style=\"color: gray; font-size: 30px;\">Mexico | Production, Sales, Service<\/p>\n<\/div>\n<p class=\"col-lg-6\" style=\"font-size: 20px;\">SUNVIAUTO MEXICO<br \/>\nNave 9 y 10 Conjunto Industrial<br \/>\nPecaco Ubicada<br \/>\nAV. Del Marques No 38 Parque<br \/>\nIndustrial Bernardo Quintana, El Marques<br \/>\nC.P. 76246 Queretaro<\/p>\n<p class=\"col-lg-6\" style=\"font-size: 20px;\">Tel: +52 144 1483 1367<br \/>\nEmail: &#x73;v&#x6d;&#120;&#x63;&#111;m&#x6d;e&#x72;&#99;&#x69;&#97;l&#x40;&#115;&#x75;&#110;v&#x69;a&#x75;&#116;&#x6f;&#46;p&#x74;<br \/>\nwww.sunviauto.pt<\/p>\n<\/div>\n<p>[\/accordion_son][\/accordion_father][\/vc_column][\/vc_row]<\/p>\n","protected":false},"excerpt":{"rendered":"<p>[vc_row][vc_column][vc_empty_space][vc_column_text] Brusa Seating around the world [\/vc_column_text][vc_column_text] Choose your country \/ region [\/vc_column_text][vc_empty_space][accordion_father icon=&#8221;fas fa-chevron-down&#8221; activeicon=&#8221;fas fa-chevron-up&#8221;][accordion_son title=&#8221;Europe&#8221;] Germany | Production, Sales, Service VOGELSITZE GmbH Junghof Str. 5D-60311 Frankfurt a.m. Business hours: Monday &#8211; Thursday 08:00 &#8211; 12:00 o&#8217;clock 13:00 &#8211; 16:00 o&#8217;clock Friday 08:00 &#8211; 15:00 o&#8217;clock Tel: +49 721 47020 Email: &#x69;&#x6e;&#102;o&#64;&#x76;&#x6f;&#103;&#101;l&#x73;&#x69;&#116;&#122;e&#x2e;&#x63;&#x6f;&#109; &nbsp; [&hellip;]<\/p>\n","protected":false},"author":14,"featured_media":0,"parent":0,"menu_order":0,"comment_status":"closed","ping_status":"closed","template":"","meta":{"footnotes":""},"class_list":["post-1202","page","type-page","status-publish","hentry"],"_links":{"self":[{"href":"https:\/\/www.brusaseating.eu\/en\/wp-json\/wp\/v2\/pages\/1202","targetHints":{"allow":["GET"]}}],"collection":[{"href":"https:\/\/www.brusaseating.eu\/en\/wp-json\/wp\/v2\/pages"}],"about":[{"href":"https:\/\/www.brusaseating.eu\/en\/wp-json\/wp\/v2\/types\/page"}],"author":[{"embeddable":true,"href":"https:\/\/www.brusaseating.eu\/en\/wp-json\/wp\/v2\/users\/14"}],"replies":[{"embeddable":true,"href":"https:\/\/www.brusaseating.eu\/en\/wp-json\/wp\/v2\/comments?post=1202"}],"version-history":[{"count":18,"href":"https:\/\/www.brusaseating.eu\/en\/wp-json\/wp\/v2\/pages\/1202\/revisions"}],"predecessor-version":[{"id":7953,"href":"https:\/\/www.brusaseating.eu\/en\/wp-json\/wp\/v2\/pages\/1202\/revisions\/7953"}],"wp:attachment":[{"href":"https:\/\/www.brusaseating.eu\/en\/wp-json\/wp\/v2\/media?parent=1202"}],"curies":[{"name":"wp","href":"https:\/\/api.w.org\/{rel}","templated":true}]}}