{"id":7610,"date":"2023-05-09T14:40:10","date_gmt":"2023-05-09T12:40:10","guid":{"rendered":"http:\/\/www.brusaseating.eu\/?page_id=7610"},"modified":"2023-05-09T14:40:10","modified_gmt":"2023-05-09T12:40:10","slug":"sonstige-en","status":"publish","type":"page","link":"https:\/\/www.brusaseating.eu\/de\/sonstige-en\/","title":{"rendered":"Sonstige EN"},"content":{"rendered":"<p>[vc_row css=&#8221;.vc_custom_1520677707881{margin-top: -30px !important;}&#8221;][vc_column width=&#8221;2\/3&#8243;][vc_column_text]\n<table id=\"tablepress-28\" class=\"tablepress tablepress-id-28\">\n<thead>\n<tr class=\"row-1 odd\">\n\t<th class=\"column-1\">Foto<\/th><th class=\"column-2\">Modell<\/th><th class=\"column-3\">Bemerkung<\/th><th class=\"column-4\">Art.-Nr.<\/th><th class=\"column-5\">Verwendung<br \/>\nan Sitztypen<\/th>\n<\/tr>\n<\/thead>\n<tbody class=\"row-hover\">\n<tr class=\"row-2 even\">\n\t<td class=\"column-1\"><img loading=\"lazy\" decoding=\"async\" src=\"http:\/\/www.brusaseating.eu\/wp-content\/uploads\/eteile-033356103.jpg\" alt=\"\" width=\"150\" height=\"81\" class=\"alignnone size-full wp-image-2456\" \/><\/td><td class=\"column-2\">Sitzwinkel wandseitig standard<br \/>\nZeichnungsnummer 013971<\/td><td class=\"column-3\">Neue Ausf\u00fchrung nur f\u00fcr Armlehne \"IVO 05\"<\/td><td class=\"column-4\">033356103 links<br \/>\n<br \/>\n033356102 rechts<\/td><td class=\"column-5\"><strong>ECO<br \/>\nAccent<br \/>\nConturo<br \/>\nPrimus<br \/>\nMagnio<\/strong><\/td>\n<\/tr>\n<tr class=\"row-3 odd\">\n\t<td class=\"column-1\"><img loading=\"lazy\" decoding=\"async\" src=\"http:\/\/www.brusaseating.eu\/wp-content\/uploads\/eteile-010404065.jpg\" alt=\"\" width=\"150\" height=\"62\" class=\"alignnone size-full wp-image-2444\" \/><\/td><td class=\"column-2\">Hebel f\u00fcr Gasdruckfederausl\u00f6sung<\/td><td class=\"column-3\"><\/td><td class=\"column-4\">010404065<\/td><td class=\"column-5\"><\/td>\n<\/tr>\n<tr class=\"row-4 even\">\n\t<td class=\"column-1\"><img loading=\"lazy\" decoding=\"async\" src=\"http:\/\/www.brusaseating.eu\/wp-content\/uploads\/eteile-010404070.jpg\" alt=\"\" width=\"150\" height=\"105\" class=\"alignnone size-full wp-image-2448\" \/><\/td><td class=\"column-2\">Nocken f\u00fcr Verstelleinheit<\/td><td class=\"column-3\">RAL 9005<\/td><td class=\"column-4\">010404070<\/td><td class=\"column-5\"><\/td>\n<\/tr>\n<tr class=\"row-5 odd\">\n\t<td class=\"column-1\"><img loading=\"lazy\" decoding=\"async\" src=\"http:\/\/www.brusaseating.eu\/wp-content\/uploads\/eteile-030950500.jpg\" alt=\"\" width=\"150\" height=\"57\" class=\"alignnone size-full wp-image-2452\" \/><\/td><td class=\"column-2\">ZB- Gasfeder Standard montiert, 700 N<\/td><td class=\"column-3\"><\/td><td class=\"column-4\">030950500<\/td><td class=\"column-5\"><\/td>\n<\/tr>\n<tr class=\"row-6 even\">\n\t<td colspan=\"5\" class=\"column-1\"><hr><\/td>\n<\/tr>\n<tr class=\"row-7 odd\">\n\t<td class=\"column-1\"><img loading=\"lazy\" decoding=\"async\" src=\"http:\/\/www.brusaseating.eu\/wp-content\/uploads\/eteile-033356101.jpg\" alt=\"\" width=\"150\" height=\"68\" class=\"alignnone size-full wp-image-2476\" \/><\/td><td class=\"column-2\">Sitzwinkel gangseitig standard<br \/>\nZeichnungsnummer 014247<\/td><td class=\"column-3\">Neue Ausf\u00fchrung nur f\u00fcr Armlehne \"IVO 05\"<\/td><td class=\"column-4\">033356101 links<br \/>\n<br \/>\n033356100 rechts<\/td><td class=\"column-5\"><strong>ECO<br \/>\nAccent<br \/>\nConturo<br \/>\nPrimus<br \/>\nMagnio<\/strong><\/td>\n<\/tr>\n<tr class=\"row-8 even\">\n\t<td class=\"column-1\"><img loading=\"lazy\" decoding=\"async\" src=\"http:\/\/www.brusaseating.eu\/wp-content\/uploads\/eteile-010404668.jpg\" alt=\"\" width=\"150\" height=\"83\" class=\"alignnone size-full wp-image-2464\" \/><\/td><td class=\"column-2\">Kurbel 05 mit Spannstift<\/td><td class=\"column-3\"><\/td><td class=\"column-4\">010404668<\/td><td class=\"column-5\"><\/td>\n<\/tr>\n<tr class=\"row-9 odd\">\n\t<td class=\"column-1\"><img loading=\"lazy\" decoding=\"async\" src=\"http:\/\/www.brusaseating.eu\/wp-content\/uploads\/eteile-010404669.jpg\" alt=\"\" width=\"150\" height=\"115\" class=\"alignnone size-full wp-image-2468\" \/><\/td><td class=\"column-2\">Gleitst\u00fcck 05<\/td><td class=\"column-3\"><\/td><td class=\"column-4\">010404669<\/td><td class=\"column-5\"><\/td>\n<\/tr>\n<tr class=\"row-10 even\">\n\t<td class=\"column-1\"><img loading=\"lazy\" decoding=\"async\" src=\"http:\/\/www.brusaseating.eu\/wp-content\/uploads\/eteil-010404670.jpg\" alt=\"\" width=\"150\" height=\"119\" class=\"alignnone size-full wp-image-2460\" \/><\/td><td class=\"column-2\">Excenter 05 A Standard<\/td><td class=\"column-3\"><\/td><td class=\"column-4\">010404670<\/td><td class=\"column-5\"><\/td>\n<\/tr>\n<tr class=\"row-11 odd\">\n\t<td class=\"column-1\"><img loading=\"lazy\" decoding=\"async\" src=\"http:\/\/www.brusaseating.eu\/wp-content\/uploads\/eteile-010801650.jpg\" alt=\"\" width=\"150\" height=\"99\" class=\"alignnone size-full wp-image-2472\" \/><\/td><td class=\"column-2\">Buchse D 14x13,5<\/td><td class=\"column-3\">Zn\/ Fe8 gelb<\/td><td class=\"column-4\">010801650<\/td><td class=\"column-5\"><\/td>\n<\/tr>\n<tr class=\"row-12 even\">\n\t<td colspan=\"5\" class=\"column-1\"><hr><\/td>\n<\/tr>\n<tr class=\"row-13 odd\">\n\t<td class=\"column-1\"><img loading=\"lazy\" decoding=\"async\" src=\"http:\/\/www.brusaseating.eu\/wp-content\/uploads\/eteile-033350113.jpg\" alt=\"\" width=\"150\" height=\"100\" class=\"alignnone size-full wp-image-2500\" \/><\/td><td class=\"column-2\">ZB- Seitw\u00e4rtsverstellung <br \/>\n450mm und 400 mm breit<br \/>\nZeichnungsnummer 008879<\/td><td class=\"column-3\">Neue Ausf\u00fchrung nur f\u00fcr Armlehne \"IVO 05\"<\/td><td class=\"column-4\">333350113 450mm<br \/>\n333350114 400mm<\/td><td class=\"column-5\"><strong>ECO<br \/>\nAccent<br \/>\nConturo<br \/>\nPrimus<br \/>\nMagnio<\/strong><\/td>\n<\/tr>\n<tr class=\"row-14 even\">\n\t<td class=\"column-1\"><img loading=\"lazy\" decoding=\"async\" src=\"http:\/\/www.brusaseating.eu\/wp-content\/uploads\/eteile-010713400.jpg\" alt=\"\" width=\"150\" height=\"109\" class=\"alignnone size-full wp-image-2484\" \/><\/td><td class=\"column-2\">Flachkopfschraube M 6x12 N0001 8.8<\/td><td class=\"column-3\">Zn schwarz<\/td><td class=\"column-4\">010713400<\/td><td class=\"column-5\"><\/td>\n<\/tr>\n<tr class=\"row-15 odd\">\n\t<td class=\"column-1\"><img loading=\"lazy\" decoding=\"async\" src=\"http:\/\/www.brusaseating.eu\/wp-content\/uploads\/eteile-033150010.jpg\" alt=\"\" width=\"150\" height=\"112\" class=\"alignnone size-full wp-image-2496\" \/><\/td><td class=\"column-2\">Rastblech mit Rastbolzen und D\u00e4mpfer<\/td><td class=\"column-3\"><\/td><td class=\"column-4\">033150010<\/td><td class=\"column-5\"><\/td>\n<\/tr>\n<tr class=\"row-16 even\">\n\t<td class=\"column-1\"><img loading=\"lazy\" decoding=\"async\" src=\"http:\/\/www.brusaseating.eu\/wp-content\/uploads\/eteile-010601600.jpg\" alt=\"\" width=\"150\" height=\"62\" class=\"alignnone size-full wp-image-2480\" \/><\/td><td class=\"column-2\">Arretierblech<br \/>\nSW 450 mm<br \/>\nSW 400 mm<\/td><td class=\"column-3\"><\/td><td class=\"column-4\"><br \/>\n010601600<br \/>\n010601610<\/td><td class=\"column-5\"><\/td>\n<\/tr>\n<tr class=\"row-17 odd\">\n\t<td class=\"column-1\"><img loading=\"lazy\" decoding=\"async\" src=\"http:\/\/www.brusaseating.eu\/wp-content\/uploads\/eteile-010723430.jpg\" alt=\"\" width=\"150\" height=\"108\" class=\"alignnone size-full wp-image-2492\" \/><\/td><td class=\"column-2\">F\u00e4cherscheibe DIN 6798<br \/>\n8,4<\/td><td class=\"column-3\">Zn<\/td><td class=\"column-4\">010723430<\/td><td class=\"column-5\"><\/td>\n<\/tr>\n<tr class=\"row-18 even\">\n\t<td class=\"column-1\"><img loading=\"lazy\" decoding=\"async\" src=\"http:\/\/www.brusaseating.eu\/wp-content\/uploads\/eteile-010719120.jpg\" alt=\"\" width=\"150\" height=\"121\" class=\"alignnone size-full wp-image-2488\" \/><\/td><td class=\"column-2\">Flanschmutter M8 DIN 6923<br \/>\nm. Sperrverzahnung<\/td><td class=\"column-3\">Zn<\/td><td class=\"column-4\">010719120<\/td><td class=\"column-5\"><\/td>\n<\/tr>\n<tr class=\"row-19 odd\">\n\t<td class=\"column-1\"><img loading=\"lazy\" decoding=\"async\" src=\"http:\/\/www.brusaseating.eu\/wp-content\/uploads\/eteile-010401525.jpg\" alt=\"\" width=\"150\" height=\"112\" class=\"alignnone size-full wp-image-2512\" \/><\/td><td class=\"column-2\">Gleitplatte f\u00fcr Seitw\u00e4rtsverstellung gelb<br \/>\nWz.Nr. 0040189; 2-fach<\/td><td class=\"column-3\">PE HD 500<\/td><td class=\"column-4\">010401525<\/td><td class=\"column-5\"><\/td>\n<\/tr>\n<tr class=\"row-20 even\">\n\t<td class=\"column-1\"><img loading=\"lazy\" decoding=\"async\" src=\"http:\/\/www.brusaseating.eu\/wp-content\/uploads\/eteile-010719110.jpg\" alt=\"\" width=\"150\" height=\"119\" class=\"alignnone size-full wp-image-2516\" \/><\/td><td class=\"column-2\">Flanschmutter M6 DIN 6923 m. Sperrverzahnung<\/td><td class=\"column-3\">Zn<\/td><td class=\"column-4\">010719110<\/td><td class=\"column-5\"><\/td>\n<\/tr>\n<tr class=\"row-21 odd\">\n\t<td class=\"column-1\"><img loading=\"lazy\" decoding=\"async\" src=\"http:\/\/www.brusaseating.eu\/wp-content\/uploads\/eteile-010803010.jpg\" alt=\"\" width=\"150\" height=\"114\" class=\"alignnone size-full wp-image-2520\" \/><\/td><td class=\"column-2\">Nutenschraube M 8 x 18, Cq35, 8.8<\/td><td class=\"column-3\">Fe\/Zn8 wei\u00df<\/td><td class=\"column-4\">010803010<\/td><td class=\"column-5\"><\/td>\n<\/tr>\n<tr class=\"row-22 even\">\n\t<td class=\"column-1\"><img loading=\"lazy\" decoding=\"async\" src=\"http:\/\/www.brusaseating.eu\/wp-content\/uploads\/eteil-010718030.jpg\" alt=\"\" width=\"150\" height=\"120\" class=\"alignnone size-full wp-image-2508\" \/><\/td><td class=\"column-2\">Sicherungsmutter M6 DIN 985<\/td><td class=\"column-3\"><\/td><td class=\"column-4\">010718030<\/td><td class=\"column-5\"><\/td>\n<\/tr>\n<tr class=\"row-23 odd\">\n\t<td class=\"column-1\"><img loading=\"lazy\" decoding=\"async\" src=\"http:\/\/www.brusaseating.eu\/wp-content\/uploads\/eteil-010603385.jpg\" alt=\"\" width=\"150\" height=\"96\" class=\"alignnone size-full wp-image-2504\" \/><\/td><td class=\"column-2\">Platte 20x12x1,5mm f\u00fcr Seitw\u00e4rtsverstellung<\/td><td class=\"column-3\">Zn<\/td><td class=\"column-4\">010603385<\/td><td class=\"column-5\"><\/td>\n<\/tr>\n<tr class=\"row-24 even\">\n\t<td class=\"column-1\"><img loading=\"lazy\" decoding=\"async\" src=\"http:\/\/www.brusaseating.eu\/wp-content\/uploads\/eteil-021300001.jpg\" alt=\"\" width=\"150\" height=\"89\" class=\"alignnone size-full wp-image-2524\" \/><\/td><td class=\"column-2\">Gurtf\u00fchrungsblech f\u00fcr Seitw\u00e4rtsverstellung<\/td><td class=\"column-3\"><\/td><td class=\"column-4\">021300001<\/td><td class=\"column-5\"><\/td>\n<\/tr>\n<tr class=\"row-25 odd\">\n\t<td class=\"column-1\"><img loading=\"lazy\" decoding=\"async\" src=\"http:\/\/www.brusaseating.eu\/wp-content\/uploads\/eteile-020801011.jpg\" alt=\"\" width=\"150\" height=\"96\" class=\"alignnone size-full wp-image-2532\" \/><\/td><td class=\"column-2\">Distanzst\u00fcck 4x0x25, RAL 9005<\/td><td class=\"column-3\">Kunststoff-spritzteil, PA6 GF30\t<\/td><td class=\"column-4\">020801011<\/td><td class=\"column-5\"><\/td>\n<\/tr>\n<tr class=\"row-26 even\">\n\t<td class=\"column-1\"><img loading=\"lazy\" decoding=\"async\" src=\"http:\/\/www.brusaseating.eu\/wp-content\/uploads\/eteile-010401540.jpg\" alt=\"\" width=\"150\" height=\"103\" class=\"alignnone size-full wp-image-2528\" \/><\/td><td class=\"column-2\">Gleiter f\u00fcr Seitw\u00e4rtsverstellung,<\/td><td class=\"column-3\">RAL 1023<\/td><td class=\"column-4\">010404540<\/td><td class=\"column-5\"><\/td>\n<\/tr>\n<tr class=\"row-27 odd\">\n\t<td colspan=\"5\" class=\"column-1\"><hr><\/td>\n<\/tr>\n<tr class=\"row-28 even\">\n\t<td class=\"column-1\"><img loading=\"lazy\" decoding=\"async\" src=\"http:\/\/www.brusaseating.eu\/wp-content\/uploads\/eteile-010401640.jpg\" alt=\"\" width=\"150\" height=\"108\" class=\"alignnone size-full wp-image-2544\" \/><\/td><td class=\"column-2\">Steckzapfenschloss<\/td><td class=\"column-3\"><\/td><td class=\"column-4\">010401640<\/td><td class=\"column-5\"><\/td>\n<\/tr>\n<tr class=\"row-29 odd\">\n\t<td class=\"column-1\"><img loading=\"lazy\" decoding=\"async\" src=\"http:\/\/www.brusaseating.eu\/wp-content\/uploads\/eteile-010401691.jpg\" alt=\"\" width=\"150\" height=\"100\" class=\"alignnone size-full wp-image-2552\" \/><\/td><td class=\"column-2\">Abdeckung f\u00fcr Tr\u00e4gerprofil, links<\/td><td class=\"column-3\">RAL 9005<\/td><td class=\"column-4\">010401691<\/td><td class=\"column-5\"><\/td>\n<\/tr>\n<tr class=\"row-30 even\">\n\t<td class=\"column-1\"><img loading=\"lazy\" decoding=\"async\" src=\"http:\/\/www.brusaseating.eu\/wp-content\/uploads\/eteile-010401690.jpg\" alt=\"\" width=\"150\" height=\"99\" class=\"alignnone size-full wp-image-2548\" \/><\/td><td class=\"column-2\">Abdeckung f\u00fcr Tr\u00e4gerprofil, rechts<\/td><td class=\"column-3\">RAL 9005<\/td><td class=\"column-4\">010401690<\/td><td class=\"column-5\"><\/td>\n<\/tr>\n<tr class=\"row-31 odd\">\n\t<td class=\"column-1\"><img loading=\"lazy\" decoding=\"async\" src=\"http:\/\/www.brusaseating.eu\/wp-content\/uploads\/eteile-01104400.jpg\" alt=\"\" width=\"150\" height=\"82\" class=\"alignnone size-full wp-image-2536\" \/><\/td><td class=\"column-2\">Gasfeder 700 N, D28 mm, L 73 mm<\/td><td class=\"column-3\"><\/td><td class=\"column-4\">011104400<\/td><td class=\"column-5\"><\/td>\n<\/tr>\n<tr class=\"row-32 even\">\n\t<td class=\"column-1\"><img loading=\"lazy\" decoding=\"async\" src=\"http:\/\/www.brusaseating.eu\/wp-content\/uploads\/eteile-010401200.jpg\" alt=\"\" width=\"150\" height=\"99\" class=\"alignnone size-full wp-image-2540\" \/><\/td><td class=\"column-2\">Clip f\u00fcr R\u00fcckw\u00e4rtsverstellung<\/td><td class=\"column-3\">RAL 9005<\/td><td class=\"column-4\">010401200<\/td><td class=\"column-5\"><\/td>\n<\/tr>\n<tr class=\"row-33 odd\">\n\t<td class=\"column-1\"><img loading=\"lazy\" decoding=\"async\" src=\"http:\/\/www.brusaseating.eu\/wp-content\/uploads\/eteile-010404060.jpg\" alt=\"\" width=\"150\" height=\"112\" class=\"alignnone size-full wp-image-2556\" \/><\/td><td class=\"column-2\">Hebel f\u00fcr Verstelleinheit<\/td><td class=\"column-3\">RAL 9005<\/td><td class=\"column-4\">010404060<\/td><td class=\"column-5\"><\/td>\n<\/tr>\n<tr class=\"row-34 even\">\n\t<td class=\"column-1\"><img loading=\"lazy\" decoding=\"async\" src=\"http:\/\/www.brusaseating.eu\/wp-content\/uploads\/eteile-010404065-1.jpg\" alt=\"\" width=\"150\" height=\"62\" class=\"alignnone size-full wp-image-2560\" \/><\/td><td class=\"column-2\">Hebel f\u00fcr Gasdruckfederausl\u00f6sung<\/td><td class=\"column-3\">RAL 9005<\/td><td class=\"column-4\">010404065<\/td><td class=\"column-5\"><\/td>\n<\/tr>\n<tr class=\"row-35 odd\">\n\t<td class=\"column-1\"><img loading=\"lazy\" decoding=\"async\" src=\"http:\/\/www.brusaseating.eu\/wp-content\/uploads\/eteile-010404300.jpg\" alt=\"\" width=\"150\" height=\"124\" class=\"alignnone size-full wp-image-2564\" \/><\/td><td class=\"column-2\">Garderobenhaken<\/td><td class=\"column-3\">RAL 7021<\/td><td class=\"column-4\">010404300<\/td><td class=\"column-5\"><\/td>\n<\/tr>\n<tr class=\"row-36 even\">\n\t<td class=\"column-1\"><img loading=\"lazy\" decoding=\"async\" src=\"http:\/\/www.brusaseating.eu\/wp-content\/uploads\/eteile-010404310.jpg\" alt=\"\" width=\"150\" height=\"135\" class=\"alignnone size-full wp-image-2568\" \/><\/td><td class=\"column-2\">Keil f\u00fcr Garderobenhaken<\/td><td class=\"column-3\">RAL 7021<\/td><td class=\"column-4\">010404310<\/td><td class=\"column-5\"><\/td>\n<\/tr>\n<tr class=\"row-37 odd\">\n\t<td class=\"column-1\"><img loading=\"lazy\" decoding=\"async\" src=\"http:\/\/www.brusaseating.eu\/wp-content\/uploads\/eteile-010404620.jpg\" alt=\"\" width=\"150\" height=\"118\" class=\"alignnone size-full wp-image-2572\" \/><\/td><td class=\"column-2\">Pfeilsymbol bedomt, IVO 05<\/td><td class=\"column-3\"><\/td><td class=\"column-4\">010404620<\/td><td class=\"column-5\"><\/td>\n<\/tr>\n<tr class=\"row-38 even\">\n\t<td class=\"column-1\"><img loading=\"lazy\" decoding=\"async\" src=\"http:\/\/www.brusaseating.eu\/wp-content\/uploads\/eteile-010404621.jpg\" alt=\"\" width=\"150\" height=\"119\" class=\"alignnone size-full wp-image-2576\" \/><\/td><td class=\"column-2\">Klebeschild silbermatt  f\u00fcr Blindtaste IVO 05<\/td><td class=\"column-3\"><\/td><td class=\"column-4\">010404621<\/td><td class=\"column-5\"><\/td>\n<\/tr>\n<tr class=\"row-39 odd\">\n\t<td class=\"column-1\"><img loading=\"lazy\" decoding=\"async\" src=\"http:\/\/www.brusaseating.eu\/wp-content\/uploads\/eteile-010705260.jpg\" alt=\"\" width=\"150\" height=\"99\" class=\"alignnone size-full wp-image-2580\" \/><\/td><td class=\"column-2\">Sechskantschraube M 10 x 22 DIN 933 8.8<\/td><td class=\"column-3\">Zn<\/td><td class=\"column-4\">010705260<\/td><td class=\"column-5\"><\/td>\n<\/tr>\n<tr class=\"row-40 even\">\n\t<td class=\"column-1\"><img loading=\"lazy\" decoding=\"async\" src=\"http:\/\/www.brusaseating.eu\/wp-content\/uploads\/eteile-010705270.jpg\" alt=\"\" width=\"150\" height=\"96\" class=\"alignnone size-full wp-image-2584\" \/><\/td><td class=\"column-2\">Sechskantschraube M 10 x 25 DIN 933 8.8<\/td><td class=\"column-3\">Zn<\/td><td class=\"column-4\">010705270<\/td><td class=\"column-5\"><\/td>\n<\/tr>\n<tr class=\"row-41 odd\">\n\t<td class=\"column-1\"><img loading=\"lazy\" decoding=\"async\" src=\"http:\/\/www.brusaseating.eu\/wp-content\/uploads\/eteile-010718100.jpg\" alt=\"\" width=\"150\" height=\"106\" class=\"alignnone size-full wp-image-2588\" \/><\/td><td class=\"column-2\">Sicherungsmutter M10 DIN 934<\/td><td class=\"column-3\">Zn<\/td><td class=\"column-4\">010718100<\/td><td class=\"column-5\"><\/td>\n<\/tr>\n<tr class=\"row-42 even\">\n\t<td class=\"column-1\"><img loading=\"lazy\" decoding=\"async\" src=\"http:\/\/www.brusaseating.eu\/wp-content\/uploads\/eteile-010722050.jpg\" alt=\"\" width=\"150\" height=\"113\" class=\"alignnone size-full wp-image-2592\" \/><\/td><td class=\"column-2\">U-Scheibe 10,5 DIN 125<\/td><td class=\"column-3\">Zn<\/td><td class=\"column-4\">010722050<\/td><td class=\"column-5\"><\/td>\n<\/tr>\n<tr class=\"row-43 odd\">\n\t<td class=\"column-1\"><img loading=\"lazy\" decoding=\"async\" src=\"http:\/\/www.brusaseating.eu\/wp-content\/uploads\/eteile-010729200.jpg\" alt=\"\" width=\"150\" height=\"116\" class=\"alignnone size-full wp-image-2596\" \/><\/td><td class=\"column-2\">Tellerfeder DIN 2093 31,5x16,3x1,25\t<\/td><td class=\"column-3\"><\/td><td class=\"column-4\">010729200<\/td><td class=\"column-5\"><\/td>\n<\/tr>\n<tr class=\"row-44 even\">\n\t<td class=\"column-1\"><img loading=\"lazy\" decoding=\"async\" src=\"http:\/\/www.brusaseating.eu\/wp-content\/uploads\/eteil-010802560-1.jpg\" alt=\"\" width=\"150\" height=\"118\" class=\"alignnone size-full wp-image-2604\" \/><\/td><td class=\"column-2\">Buchse Sint B11 Art. F 5053-02<\/td><td class=\"column-3\"><\/td><td class=\"column-4\">010802560<\/td><td class=\"column-5\"><\/td>\n<\/tr>\n<tr class=\"row-45 odd\">\n\t<td class=\"column-1\"><img loading=\"lazy\" decoding=\"async\" src=\"http:\/\/www.brusaseating.eu\/wp-content\/uploads\/eteil-010802540.jpg\" alt=\"\" width=\"150\" height=\"123\" class=\"alignnone size-full wp-image-2600\" \/><\/td><td class=\"column-2\">Lagerbuchse D15,95 x 9,2\t<\/td><td class=\"column-3\">Fe\/Zn8 gelb<\/td><td class=\"column-4\">010802540<\/td><td class=\"column-5\"><\/td>\n<\/tr>\n<tr class=\"row-46 even\">\n\t<td class=\"column-1\"><img loading=\"lazy\" decoding=\"async\" src=\"http:\/\/www.brusaseating.eu\/wp-content\/uploads\/eteile-010802570.jpg\" alt=\"\" width=\"150\" height=\"111\" class=\"alignnone size-full wp-image-2616\" \/><\/td><td class=\"column-2\">Buchse Sint B 11 f\u00fcr R\u00fccken 5052-01<\/td><td class=\"column-3\"><\/td><td class=\"column-4\">010802570<\/td><td class=\"column-5\"><\/td>\n<\/tr>\n<tr class=\"row-47 odd\">\n\t<td class=\"column-1\"><img loading=\"lazy\" decoding=\"async\" src=\"http:\/\/www.brusaseating.eu\/wp-content\/uploads\/eteile-010802730.jpg\" alt=\"\" width=\"150\" height=\"112\" class=\"alignnone size-full wp-image-2620\" \/><\/td><td class=\"column-2\">Steckzapfen SW17x28<\/td><td class=\"column-3\">Fe\/Zn8 gelb<\/td><td class=\"column-4\">010802730<\/td><td class=\"column-5\">zur Befestigung von Sitzkissen<\/td>\n<\/tr>\n<tr class=\"row-48 even\">\n\t<td class=\"column-1\"><img loading=\"lazy\" decoding=\"async\" src=\"http:\/\/www.brusaseating.eu\/wp-content\/uploads\/eteile-010739115.jpg\" alt=\"\" width=\"150\" height=\"72\" class=\"alignnone size-full wp-image-2608\" \/><\/td><td class=\"column-2\">TOX Hohlraumd\u00fcbel MHD-S, M 5 x 37<\/td><td class=\"column-3\">Zn<\/td><td class=\"column-4\">010739115<\/td><td class=\"column-5\">zur Befestigung von Tischen und Haltegriffen<\/td>\n<\/tr>\n<tr class=\"row-49 odd\">\n\t<td class=\"column-1\"><img loading=\"lazy\" decoding=\"async\" src=\"http:\/\/www.brusaseating.eu\/wp-content\/uploads\/eteile-010739200.jpg\" alt=\"\" width=\"150\" height=\"123\" class=\"alignnone size-full wp-image-2612\" \/><\/td><td class=\"column-2\">Abdeckkappe<\/td><td class=\"column-3\">Radolit schwarz<\/td><td class=\"column-4\">010739200<\/td><td class=\"column-5\">Obere Schraubenabdeckung f\u00fcr 3-Pkt.-Gurt<\/td>\n<\/tr>\n<\/tbody>\n<\/table>\n<!-- #tablepress-28 from cache -->[\/vc_column_text][\/vc_column][vc_column width=&#8221;1\/3&#8243;]<header class=\"thememount-heading-wrapper thememount-heading-wrapper-align-left\"><div class=\"thememount-heading-wrapper-inner\"><h2 class=\"thememount-heading-align-left\"><span>Arranged by production time and seat types<\/span><\/h2><\/div><p class=\"thememount-subheading\">Here you will find the table models that have been installed on various types of seats in recent years.<\/p><\/header><header class=\"thememount-heading-wrapper thememount-heading-wrapper-align-left\"><div class=\"thememount-heading-wrapper-inner\"><h2 class=\"thememount-heading-align-left\"><span>Scope of delivery<\/span><\/h2><\/div><p class=\"thememount-subheading\">Please note that depending on the table model, the fastening parts are also available separately.<\/p><\/header><header class=\"thememount-heading-wrapper thememount-heading-wrapper-align-left\"><div class=\"thememount-heading-wrapper-inner\"><h2 class=\"thememount-heading-align-left\"><span>Your contact person<\/span><\/h2><\/div><p class=\"thememount-subheading\">If you cannot find the part you are looking for here, please contact us<\/p><\/header>[vc_raw_html]JTNDcCUzRSUzQ3N0cm9uZyUzRVNhaW0lMjBIYXJhJUMzJUE3JTNDJTJGc3Ryb25nJTNFJTNDJTJGcCUzRSUwQSUzQ3VsJTIwY2xhc3MlM0QlMjJ0aGVtZW1vdW50X3ZjX2NvbnRhY3Rfd3JhcHBlciUyMiUzRSUwQSUyMCUyMCUyMCUzQ2xpJTIwY2xhc3MlM0QlMjJ0aGVtZW1vdW50LWNvbnRhY3QtcGhvbmVudW1iZXIlMjB0bWljb24tZmEtcGhvbmUlMjIlM0UlMjAlM0NhJTIwaHJlZiUzRCUyMnRlbCUzQSUyQjkwJTIwJTI4NTMyJTI5JTIwNDMxJTIwMTMlMjA3MyUyMiUzRSUyQjkwJTIwJTI4NTMyJTI5JTIwNDMxJTIwMTMlMjA3MyUzQyUyRmElM0UlM0MlMkZsaSUzRSUwQSUyMCUyMCUzQ2xpJTIwY2xhc3MlM0QlMjJ0aGVtZW1vdW50LWNvbnRhY3QtcGhvbmVudW1iZXIlMjB0bWljb24tZmEtZmF4JTIyJTNFJTJCOTAlMjgwMjI0JTI5JTIwMjQxJTIwNzYlMjA4MCUzQyUyRmxpJTNFJTBBJTIwJTIwJTNDbGklMjBjbGFzcyUzRCUyMnRoZW1lbW91bnQtY29udGFjdC1lbWFpbCUyMHRtaWNvbi1mYS1lbnZlbG9wZS1vJTIyJTNFJTNDYSUyMGhyZWYlM0QlMjJtYWlsdG8lM0FzYWltLmhhcmFjJTQwYnJ1c2FzZWF0aW5nLmV1JTIyJTNFc2FpbS5oYXJhYyU0MGJydXNhc2VhdGluZy5ldSUzQyUyRmElM0UlM0MlMkZsaSUzRSUwQSUzQyUyRnVsJTNF[\/vc_raw_html][\/vc_column][\/vc_row]<\/p>\n","protected":false},"excerpt":{"rendered":"<p>[vc_row css=&#8221;.vc_custom_1520677707881{margin-top: -30px !important;}&#8221;][vc_column width=&#8221;2\/3&#8243;][vc_column_text][\/vc_column_text][\/vc_column][vc_column width=&#8221;1\/3&#8243;][vc_raw_html]JTNDcCUzRSUzQ3N0cm9uZyUzRVNhaW0lMjBIYXJhJUMzJUE3JTNDJTJGc3Ryb25nJTNFJTNDJTJGcCUzRSUwQSUzQ3VsJTIwY2xhc3MlM0QlMjJ0aGVtZW1vdW50X3ZjX2NvbnRhY3Rfd3JhcHBlciUyMiUzRSUwQSUyMCUyMCUyMCUzQ2xpJTIwY2xhc3MlM0QlMjJ0aGVtZW1vdW50LWNvbnRhY3QtcGhvbmVudW1iZXIlMjB0bWljb24tZmEtcGhvbmUlMjIlM0UlMjAlM0NhJTIwaHJlZiUzRCUyMnRlbCUzQSUyQjkwJTIwJTI4NTMyJTI5JTIwNDMxJTIwMTMlMjA3MyUyMiUzRSUyQjkwJTIwJTI4NTMyJTI5JTIwNDMxJTIwMTMlMjA3MyUzQyUyRmElM0UlM0MlMkZsaSUzRSUwQSUyMCUyMCUzQ2xpJTIwY2xhc3MlM0QlMjJ0aGVtZW1vdW50LWNvbnRhY3QtcGhvbmVudW1iZXIlMjB0bWljb24tZmEtZmF4JTIyJTNFJTJCOTAlMjgwMjI0JTI5JTIwMjQxJTIwNzYlMjA4MCUzQyUyRmxpJTNFJTBBJTIwJTIwJTNDbGklMjBjbGFzcyUzRCUyMnRoZW1lbW91bnQtY29udGFjdC1lbWFpbCUyMHRtaWNvbi1mYS1lbnZlbG9wZS1vJTIyJTNFJTNDYSUyMGhyZWYlM0QlMjJtYWlsdG8lM0FzYWltLmhhcmFjJTQwYnJ1c2FzZWF0aW5nLmV1JTIyJTNFc2FpbS5oYXJhYyU0MGJydXNhc2VhdGluZy5ldSUzQyUyRmElM0UlM0MlMkZsaSUzRSUwQSUzQyUyRnVsJTNF[\/vc_raw_html][\/vc_column][\/vc_row]<\/p>\n","protected":false},"author":4,"featured_media":0,"parent":0,"menu_order":0,"comment_status":"closed","ping_status":"closed","template":"","meta":{"footnotes":""},"class_list":["post-7610","page","type-page","status-publish","hentry"],"_links":{"self":[{"href":"https:\/\/www.brusaseating.eu\/de\/wp-json\/wp\/v2\/pages\/7610","targetHints":{"allow":["GET"]}}],"collection":[{"href":"https:\/\/www.brusaseating.eu\/de\/wp-json\/wp\/v2\/pages"}],"about":[{"href":"https:\/\/www.brusaseating.eu\/de\/wp-json\/wp\/v2\/types\/page"}],"author":[{"embeddable":true,"href":"https:\/\/www.brusaseating.eu\/de\/wp-json\/wp\/v2\/users\/4"}],"replies":[{"embeddable":true,"href":"https:\/\/www.brusaseating.eu\/de\/wp-json\/wp\/v2\/comments?post=7610"}],"version-history":[{"count":1,"href":"https:\/\/www.brusaseating.eu\/de\/wp-json\/wp\/v2\/pages\/7610\/revisions"}],"predecessor-version":[{"id":7612,"href":"https:\/\/www.brusaseating.eu\/de\/wp-json\/wp\/v2\/pages\/7610\/revisions\/7612"}],"wp:attachment":[{"href":"https:\/\/www.brusaseating.eu\/de\/wp-json\/wp\/v2\/media?parent=7610"}],"curies":[{"name":"wp","href":"https:\/\/api.w.org\/{rel}","templated":true}]}}