{"id":6849,"date":"2022-08-15T14:50:59","date_gmt":"2022-08-15T12:50:59","guid":{"rendered":"https:\/\/www.vogelsitze.com\/lieferanteninformation\/"},"modified":"2023-05-22T13:28:49","modified_gmt":"2023-05-22T11:28:49","slug":"lieferanteninformation","status":"publish","type":"page","link":"https:\/\/www.brusaseating.eu\/de\/lieferanteninformation\/","title":{"rendered":"Lieferanteninformation"},"content":{"rendered":"<p>[vc_row css=&#8221;.vc_custom_1520677707881{margin-top: -30px !important;}&#8221;][vc_column][vc_row_inner][vc_column_inner][vc_column_text]<\/p>\n<p style=\"font-size: 30px; text-align: left;\"><strong>Lieferanteninformation<\/strong><\/p>\n<p style=\"text-align: left;\">Europa<\/p>\n<p>[\/vc_column_text][\/vc_column_inner][\/vc_row_inner][vc_column_text]<\/p>\n<p style=\"text-align: left;\"><strong>Allgemeine Gesch\u00e4ftsbedingungen<\/strong><\/p>\n<p>[\/vc_column_text][vc_column_text]<\/p>\n<p style=\"text-align: justify;\"><a href=\"http:\/\/www.brusaseating.eu\/wp-content\/uploads\/Einkaufsbedingungen-deutsch-2006.pdf\">Einkaufsbedingungen f\u00fcr Brusa Seating in Europa <\/a><a href=\"http:\/\/www.brusaseating.eu\/wp-content\/uploads\/Einkaufsbedingungen-deutsch-2006.pdf\">(Deutsch)<\/a><\/p>\n<p style=\"text-align: justify;\"><a href=\"http:\/\/www.brusaseating.eu\/wp-content\/uploads\/Einkaufsbedingungen-englisch-2006-.pdf\">Einkaufsbedingungen <\/a><a href=\"http:\/\/www.brusaseating.eu\/wp-content\/uploads\/Einkaufsbedingungen-deutsch-2006.pdf\">f\u00fcr <\/a><a href=\"http:\/\/www.brusaseating.eu\/wp-content\/uploads\/Einkaufsbedingungen-deutsch-2006.pdf\">Brusa Seating<\/a><a href=\"http:\/\/www.brusaseating.eu\/wp-content\/uploads\/Einkaufsbedingungen-englisch-2006-.pdf\">\u00a0in <\/a>Europa <a href=\"http:\/\/www.brusaseating.eu\/wp-content\/uploads\/Einkaufsbedingungen-englisch-2006-.pdf\">(Englisch)<\/a><\/p>\n<p style=\"text-align: justify;\">Einkaufsbedingungen <a href=\"http:\/\/www.brusaseating.eu\/wp-content\/uploads\/Einkaufsbedingungen-deutsch-2006.pdf\">f\u00fcr <\/a><a href=\"http:\/\/www.brusaseating.eu\/wp-content\/uploads\/Einkaufsbedingungen-deutsch-2006.pdf\">Brusa Seating<\/a>\u00a0in T\u00fcrkei (T\u00fcrkisch)<\/p>\n<p style=\"text-align: justify;\">Einkaufsbedingungen <a href=\"http:\/\/www.brusaseating.eu\/wp-content\/uploads\/Einkaufsbedingungen-deutsch-2006.pdf\">f\u00fcr <\/a><a href=\"http:\/\/www.brusaseating.eu\/wp-content\/uploads\/Einkaufsbedingungen-deutsch-2006.pdf\">Brusa Seating<\/a>\u00a0in T\u00fcrkei (Englisch)<\/p>\n<p>[\/vc_column_text][\/vc_column][\/vc_row]<\/p>\n","protected":false},"excerpt":{"rendered":"<p>[vc_row css=&#8221;.vc_custom_1520677707881{margin-top: -30px !important;}&#8221;][vc_column][vc_row_inner][vc_column_inner][vc_column_text] Lieferanteninformation Europa [\/vc_column_text][\/vc_column_inner][\/vc_row_inner][vc_column_text] Allgemeine Gesch\u00e4ftsbedingungen [\/vc_column_text][vc_column_text] Einkaufsbedingungen f\u00fcr Brusa Seating in Europa (Deutsch) Einkaufsbedingungen f\u00fcr Brusa Seating\u00a0in Europa (Englisch) Einkaufsbedingungen f\u00fcr Brusa Seating\u00a0in T\u00fcrkei (T\u00fcrkisch) Einkaufsbedingungen f\u00fcr Brusa Seating\u00a0in T\u00fcrkei (Englisch) [\/vc_column_text][\/vc_column][\/vc_row]<\/p>\n","protected":false},"author":4,"featured_media":0,"parent":0,"menu_order":0,"comment_status":"closed","ping_status":"closed","template":"","meta":{"footnotes":""},"class_list":["post-6849","page","type-page","status-publish","hentry"],"_links":{"self":[{"href":"https:\/\/www.brusaseating.eu\/de\/wp-json\/wp\/v2\/pages\/6849","targetHints":{"allow":["GET"]}}],"collection":[{"href":"https:\/\/www.brusaseating.eu\/de\/wp-json\/wp\/v2\/pages"}],"about":[{"href":"https:\/\/www.brusaseating.eu\/de\/wp-json\/wp\/v2\/types\/page"}],"author":[{"embeddable":true,"href":"https:\/\/www.brusaseating.eu\/de\/wp-json\/wp\/v2\/users\/4"}],"replies":[{"embeddable":true,"href":"https:\/\/www.brusaseating.eu\/de\/wp-json\/wp\/v2\/comments?post=6849"}],"version-history":[{"count":9,"href":"https:\/\/www.brusaseating.eu\/de\/wp-json\/wp\/v2\/pages\/6849\/revisions"}],"predecessor-version":[{"id":7777,"href":"https:\/\/www.brusaseating.eu\/de\/wp-json\/wp\/v2\/pages\/6849\/revisions\/7777"}],"wp:attachment":[{"href":"https:\/\/www.brusaseating.eu\/de\/wp-json\/wp\/v2\/media?parent=6849"}],"curies":[{"name":"wp","href":"https:\/\/api.w.org\/{rel}","templated":true}]}}