{"id":6802,"date":"2022-08-15T09:20:58","date_gmt":"2022-08-15T07:20:58","guid":{"rendered":"https:\/\/www.vogelsitze.com\/datenschutzhinweise\/"},"modified":"2023-05-12T10:35:29","modified_gmt":"2023-05-12T08:35:29","slug":"datenschutzhinweise","status":"publish","type":"page","link":"https:\/\/www.brusaseating.eu\/de\/datenschutzhinweise\/","title":{"rendered":"Datenschutzhinweise"},"content":{"rendered":"<p>[vc_row][vc_column][vc_row_inner][vc_column_inner][vc_column_text]<\/p>\n<p style=\"font-size: 30px;\"><strong>Datenschutzhinweise<\/strong><\/p>\n<p>Datenschutzhinweise der Brusa Seating[\/vc_column_text][\/vc_column_inner][\/vc_row_inner][vc_column_text]<strong>1. Brusa Seating respektiert Ihre Privatsph\u00e4re<\/strong><\/p>\n<p>In dieser Datenschutzerkl\u00e4rung von Brusa Seating (\u201eBrusa Seating\u201d oder \u201ewir\u201c) erl\u00e4utern wir, wie wir personenbezogene Daten auf www.brusaseating.eu (\u201eWebsite\u201c) verarbeiten und sch\u00fctzen. Wir verarbeiten personenbezogene Daten, die bei Ihrem Besuch unserer Online-Angebote erhoben werden, vertraulich und nur gem\u00e4\u00df den gesetzlichen Bestimmungen.[\/vc_column_text][vc_column_text]<strong>2. Verantwortlicher<\/strong><\/p>\n<p>Brusa Seating<\/p>\n<p>Nil\u00fcfer OSB Mavi Cd. 2. Sk.<\/p>\n<p>No:1 TR-16159 Bursa<\/p>\n<p>Email: &#x62;&#114;u&#x73;&#x61;&#64;b&#x72;&#117;s&#x61;&#x73;&#101;a&#x74;&#105;n&#x67;&#x2e;&#101;u<\/p>\n<p>Tel: +90 (0224) 241 76 80[\/vc_column_text][vc_column_text]<strong>3. Erhebung, Verarbeitung und Nutzung personenbezogener Daten<\/strong><\/p>\n<p>Personenbezogen Daten sind alle Informationen, die sich auf eine identifizierte oder identifizierbare nat\u00fcrliche Person beziehen, wie Ihr Name, Ihre E-Mail-Adresse, Postanschrift oder IP-Adresse.<\/p>\n<p>Datenverarbeitung auf der Grundlage des berechtigten Interesses von Brusa Seating zum Zwecke der Selbst\u00fcberwachung, der Gew\u00e4hrleistung der Vollst\u00e4ndigkeit und Sicherheit personenbezogener Daten sowie zur Gew\u00e4hrleistung der technischen Funktionalit\u00e4t der Website:<\/p>\n<p>Wenn Sie unsere Website besuchen, erhebt Brusa Seating bestimmte Daten von Ihnen:<\/p>\n<p>Es werden Kommunikationsdaten (z. B. Name, Telefonnummer, E-Mail-Adresse, Anschrift, IP-Adresse) verarbeitet.[\/vc_column_text][vc_column_text]<strong>4. Datentransfer<\/strong><\/p>\n<p>Ihre personenbezogenen Daten k\u00f6nnen innerhalb von Brusa Seating in L\u00e4nder, in denen wir t\u00e4tig sind, \u00fcbertragen und\/oder weltweit zug\u00e4nglich sein. Dies schlie\u00dft L\u00e4nder au\u00dferhalb der Europ\u00e4ischen Union\/des Europ\u00e4ischen Wirtschaftsraums ein, in denen der Datenschutzstandard eventuell nicht so hoch ist wie in der EU\/dem EWR. Brusa Seating entspricht in allen F\u00e4llen den gesetzlichen Anforderungen und sorgt f\u00fcr einen angemessenen Datenschutz, unabh\u00e4ngig davon, wohin die Daten \u00fcbertragen werden oder von wo aus darauf zugegriffen wird. Brusa Seating stellt ebenfalls sicher, dass die Verarbeitung in \u00dcbereinstimmung mit den geltenden Datenschutzgesetzen erfolgt. In Bezug auf Daten\u00fcbertragungen aus der EU\/dem EWR in die Vereinigten Staaten oder andere Nicht-EU\/-EWR-Staaten, in denen kein angemessenes Datenschutzniveau vorgesehen ist, setzt Brusa Seating Standard-Vertragsklauseln ein, um angemessene Datenschutzstandards zu gew\u00e4hrleisten.[\/vc_column_text][vc_column_text]<strong>5. Soziale Netzwerke<\/strong><\/p>\n<p>Brusa Seating ist in folgenden sozialen Netzwerken vertreten: Facebook, LinkedIn, YouTube, Instagram und Twitter (\u201esoziale Netzwerke\u201c). Brusa Seating nutzt auf dieser Website keine Plug-ins von sozialen Netzwerken. YouTube-Videos sind auf der Website eingebettet und Statistiken werden zur\u00fcck an Brusa Seating \u00fcbertragen. Wenn Sie einen Link zu einem sozialen Netzwerk anklicken, werden Ihre Daten im erforderlichen Umfang an den jeweiligen Anbieter \u00fcbertragen (z. B. Hinweis, dass Sie das soziale Netzwerk \u00fcber die Website erreicht haben und, sofern zutreffend, weitere Informationen, die Sie zu diesem Zweck bereits auf den Websites angegeben haben).<\/p>\n<p>Wenn Sie die Website besuchen, wird der Internetbrowser keine automatische Verbindung zum Server von YouTube aufbauen.<\/p>\n<p>Durch Klicken auf die Schaltfl\u00e4chen der sozialen Netzwerke oder auf eingebettete Videos erkl\u00e4ren Sie sich mit der Kommunikation mit den sozialen Netzwerken einverstanden. Durch Klicken auf die Schaltfl\u00e4chen der sozialen Netzwerke oder auf eingebettete Videos werden Sie automatisch zum Betreiber der sozialen Netzwerke weitergeleitet und Cookies werden m\u00f6glicherweise auf Ihrem Endger\u00e4t gespeichert.<\/p>\n<p>Wenn Sie w\u00e4hrend des Besuchs unserer Website in einem sozialen Netzwerk eingeloggt sind, werden die \u00fcbertragenen Daten Ihrem Benutzerkonto zugeordnet. Wenn Sie nicht w\u00fcnschen, dass ein Netzwerk Ihre Daten mit einem Benutzerkonto verkn\u00fcpft, loggen Sie sich bitte aus dem jeweiligen sozialen Netzwerk aus, bevor Sie auf die Schaltfl\u00e4che des sozialen Netzwerks klicken.<\/p>\n<p>Auch wenn Sie nicht als Mitglied eines sozialen Netzwerks registriert sind oder derzeit nicht eingeloggt sind, kann der Betreiber des sozialen Netzwerks Ihre Daten speichern, wenn Sie auf das jeweilige Video klicken. Wir haben keinen Einfluss auf Cookies, die von Dritten gesetzt werden, und \u00fcber Umfang und Inhalt der Daten, die von den vorgenannten externen Websites gesammelt werden, noch darauf, wie diese Daten genutzt werden. F\u00fcr n\u00e4here Informationen lesen Sie bitte die Datenschutzerkl\u00e4rungen der jeweiligen Websites.<\/p>\n<p><strong>Datenschutzerkl\u00e4rungen der sozialen Netzwerkbetreiber:<\/strong><\/p>\n<p>LinkedIn:\u00a0http:\/\/www.linkedin.com\/legal\/privacy-policy.<\/p>\n<p>Facebook:\u00a0https:\/\/www.facebook.com\/about\/privacy.<\/p>\n<p>Instagram:\u00a0https:\/\/help.instagram.com\/519522125107875\u00a0.<\/p>\n<p>Twitter:\u00a0https:\/\/twitter.com\/privacy.[\/vc_column_text][vc_column_text]<strong>6. Verwendung von\u00a0Cookies<\/strong><\/p>\n<p>Im Rahmen der Bereitstellung unseres Online-Angebots k\u00f6nnen Cookies und Tracking-Mechanismen zum Einsatz kommen. Cookies sind kleine Textdateien, die bei dem Besuch eines Online-Angebots auf Ihrem Endger\u00e4t gespeichert werden k\u00f6nnen. Tracking ist unter Einsatz verschiedener Technologien m\u00f6glich. Wir verarbeiten Informationen insbesondere im Rahmen der Pixel-Technologie bzw. der Logdatei-Analyse.[\/vc_column_text][vc_column_text]<strong>7. Sicherheit<\/strong><\/p>\n<p>Unsere Mitarbeiter sind zur Verschwiegenheit und Einhaltung der Bestimmungen der anwendbaren Datenschutzgesetze verpflichtet. Wir treffen alle erforderlichen technischen und organisatorischen Ma\u00dfnahmen um ein angemessenes Schutzniveau zu gew\u00e4hrleisten und Ihre durch uns verwalteten Daten insbesondere vor den Risiken der unbeabsichtigten oder unrechtm\u00e4\u00dfigen Vernichtung, Manipulation, Verlust, Ver\u00e4nderung oder unbefugter Offenlegung bzw. unbefugtem Zugriff zu sch\u00fctzen. Unsere Sicherheitsma\u00dfnahmen werden entsprechend der technologischen Entwicklung st\u00e4ndig verbessert[\/vc_column_text][vc_column_text]<strong>8. Speicherdauer<\/strong><\/p>\n<p>Wenn Ihre personenbezogenen Daten nicht mehr f\u00fcr die Zwecke, f\u00fcr die sie urspr\u00fcnglich erfasst wurden, oder aufgrund anderer gesetzlicher Anforderungen ben\u00f6tigt werden, werden diese Informationen vernichtet. Ihre IP-Adresse und der Name Ihres Internetanbieters, die wir nur aus Sicherheitsgr\u00fcnden speichern , werden nach sieben Tagen gel\u00f6scht. Andernfalls werden Ihre personenbezogenen Daten gel\u00f6scht, sobald Sie nicht mehr f\u00fcr den urspr\u00fcnglichen Zweck ihrer Erfassung ben\u00f6tigt werden. \u00dcber diesen Zeitpunkt hinaus werden Daten nur dann gespeichert, wenn dies aufgrund von Gesetzen, Verordnungen oder sonstigen gesetzlichen Bestimmungen der Europ\u00e4ischen Union oder eines Mitgliedsstaates der Europ\u00e4ischen Union, denen wir unterliegen, erforderlich ist.[\/vc_column_text][vc_column_text]<strong>9. Rechte der Nutzer<\/strong><\/p>\n<p>Sie haben jederzeit das Recht, Ihre gespeicherten Daten abzurufen, zu berichtigen, zu l\u00f6schen oder deren Verarbeitung einzuschr\u00e4nken. Sie haben ebenso das Recht, der Verarbeitung Ihrer Daten zu widersprechen und das Recht auf Daten\u00fcbertragbarkeit in \u00dcbereinstimmung mit den anwendbaren Datenschutzgesetzen. Wenden Sie sich dazu bitte an die oben angegebene E-Mail-Adresse. Sie haben des Weiteren das Recht, Ihre Zustimmung zu widerrufen. Wenn Sie der Meinung sind, dass die Verarbeitung Ihrer personenbezogenen Daten gegen gesetzliche Bestimmungen verst\u00f6\u00dft, haben Sie das Recht, bei der zust\u00e4ndigen Aufsichtsbeh\u00f6rde, sofern vorhanden, Beschwerde einzureichen.[\/vc_column_text][\/vc_column][\/vc_row]<\/p>\n","protected":false},"excerpt":{"rendered":"<p>[vc_row][vc_column][vc_row_inner][vc_column_inner][vc_column_text] Datenschutzhinweise Datenschutzhinweise der Brusa Seating[\/vc_column_text][\/vc_column_inner][\/vc_row_inner][vc_column_text]1. Brusa Seating respektiert Ihre Privatsph\u00e4re In dieser Datenschutzerkl\u00e4rung von Brusa Seating (\u201eBrusa Seating\u201d oder \u201ewir\u201c) erl\u00e4utern wir, wie wir personenbezogene Daten auf www.brusaseating.eu (\u201eWebsite\u201c) verarbeiten und sch\u00fctzen. Wir verarbeiten personenbezogene Daten, die bei Ihrem Besuch unserer Online-Angebote erhoben werden, vertraulich und nur gem\u00e4\u00df den gesetzlichen Bestimmungen.[\/vc_column_text][vc_column_text]2. Verantwortlicher Brusa Seating [&hellip;]<\/p>\n","protected":false},"author":4,"featured_media":0,"parent":0,"menu_order":0,"comment_status":"closed","ping_status":"closed","template":"","meta":{"footnotes":""},"class_list":["post-6802","page","type-page","status-publish","hentry"],"_links":{"self":[{"href":"https:\/\/www.brusaseating.eu\/de\/wp-json\/wp\/v2\/pages\/6802","targetHints":{"allow":["GET"]}}],"collection":[{"href":"https:\/\/www.brusaseating.eu\/de\/wp-json\/wp\/v2\/pages"}],"about":[{"href":"https:\/\/www.brusaseating.eu\/de\/wp-json\/wp\/v2\/types\/page"}],"author":[{"embeddable":true,"href":"https:\/\/www.brusaseating.eu\/de\/wp-json\/wp\/v2\/users\/4"}],"replies":[{"embeddable":true,"href":"https:\/\/www.brusaseating.eu\/de\/wp-json\/wp\/v2\/comments?post=6802"}],"version-history":[{"count":9,"href":"https:\/\/www.brusaseating.eu\/de\/wp-json\/wp\/v2\/pages\/6802\/revisions"}],"predecessor-version":[{"id":7572,"href":"https:\/\/www.brusaseating.eu\/de\/wp-json\/wp\/v2\/pages\/6802\/revisions\/7572"}],"wp:attachment":[{"href":"https:\/\/www.brusaseating.eu\/de\/wp-json\/wp\/v2\/media?parent=6802"}],"curies":[{"name":"wp","href":"https:\/\/api.w.org\/{rel}","templated":true}]}}