{"id":6699,"date":"2022-08-10T13:50:09","date_gmt":"2022-08-10T11:50:09","guid":{"rendered":"https:\/\/www.vogelsitze.com\/kontakt-2\/"},"modified":"2023-05-10T09:26:36","modified_gmt":"2023-05-10T07:26:36","slug":"kontakt-2","status":"publish","type":"page","link":"https:\/\/www.brusaseating.eu\/de\/kontakt-2\/","title":{"rendered":"Kontakt"},"content":{"rendered":"<p>[vc_row][vc_column el_class=&#8221;top_up&#8221;][vc_empty_space][vc_column_text]<\/p>\n<p style=\"font-size: 40px;\"><strong>Vogelsitze auf der ganzen Welt<\/strong><\/p>\n<p>[\/vc_column_text][vc_column_text]<\/p>\n<p style=\"font-size: 30px;\"><strong>W\u00e4hlen Sie Ihr Land \/ Ihre Region<\/strong><\/p>\n<p>[\/vc_column_text][vc_empty_space][accordion_father icon=&#8221;fas fa-chevron-down&#8221; activeicon=&#8221;fas fa-chevron-down&#8221;][accordion_son title=&#8221;Europa&#8221;]<\/p>\n<div class=\"row\">\n<div class=\"col-lg-6\"><span style=\"color: gray; font-size: 30px;\">Germany | Production, Sales, Service<\/span><\/div>\n<div class=\"col-lg-6\"><\/div>\n<\/div>\n<div class=\"row\" style=\"border-bottom: 1px solid #000000;\">\n<p class=\"col-lg-6\" style=\"font-size: 20px;\">VOGELSITZE GmbH<br \/>\nKleinsteinbacherstr. 44 D-76228 Karlsruhe<br \/>\nBusiness hours:<br \/>\nMonday &#8211; Thursday<br \/>\n08:00 &#8211; 12:00 o&#8217;clock<br \/>\n13:00 &#8211; 16:00 o&#8217;clock<br \/>\nFriday<br \/>\n08:00 &#8211; 15:00 o&#8217;clock<\/p>\n<p class=\"col-lg-6\" style=\"font-size: 20px;\">Tel: +49 721 47020<br \/>\nEmail: &#x69;&#x6e;&#x66;&#x6f;&#64;&#118;&#111;&#103;els&#x69;&#x74;&#x7a;&#x65;&#x2e;&#99;&#111;&#109;<\/p>\n<p>&nbsp;<\/p>\n<\/div>\n<p>&nbsp;<\/p>\n<div class=\"row\" style=\"border-bottom: 1px solid #000000;\">\n<div class=\"col-lg-12\">\n<p style=\"color: gray; font-size: 30px;\">Benelux | Production, Sales, Service<\/p>\n<\/div>\n<p class=\"col-lg-6\" style=\"font-size: 20px;\">BRUSA BV<br \/>\nLange Voren 8<br \/>\nNL-5555 XN Valkenswaard<\/p>\n<p class=\"col-lg-6\" style=\"font-size: 20px;\">Tel: +31 40 2310677<br \/>\nEmail: &#101;&#x72;s&#x69;n&#46;&#x63;&#111;&#x73;k&#117;&#x6e;&#64;&#x62;r&#x75;&#x73;&#97;&#x73;e&#x61;t&#105;&#x6e;&#103;&#x2e;e&#117;<\/p>\n<p>&nbsp;<\/p>\n<\/div>\n<p>&nbsp;<\/p>\n<div class=\"row\" style=\"border-bottom: 1px solid #000000;\">\n<div class=\"col-lg-12\">\n<p style=\"color: gray; font-size: 30px;\">Denmark<\/p>\n<\/div>\n<p class=\"col-lg-6\" style=\"font-size: 20px;\">see Sweden &#8211; NENCO AB<\/p>\n<div class=\"col-lg-6\" style=\"font-size: 20px;\"><\/div>\n<\/div>\n<p>&nbsp;<\/p>\n<div class=\"row\" style=\"border-bottom: 1px solid #000000;\">\n<div class=\"col-lg-12\">\n<p style=\"color: gray; font-size: 30px;\">France | Sales, Service<\/p>\n<\/div>\n<p class=\"col-lg-6\" style=\"font-size: 20px;\">SUNVIAUTO FRANCE SARL<br \/>\nEspace d&#8217;activit\u00e9 des Berthilliers<br \/>\n157 chemin des Jonch\u00e9res<br \/>\n71850 CHARNAY-LES-MACON<\/p>\n<p class=\"col-lg-6\" style=\"font-size: 20px;\">Tel: +351937558100<br \/>\nEmail: &#99;o&#114;r&#101;i&#x6f;&#64;&#x73;u&#x6e;v&#x69;a&#x75;t&#x6f;&#46;&#x70;t<br \/>\nwww.sunviauto.pt<\/p>\n<p>&nbsp;<\/p>\n<\/div>\n<div class=\"row\" style=\"border-bottom: 1px solid #000000;\">\n<div class=\"col-lg-12\">\n<p>&nbsp;<\/p>\n<p style=\"color: gray; font-size: 30px;\">Great Britain, Republic of Ireland | Parts, Service and Sales Support<\/p>\n<\/div>\n<p class=\"col-lg-6\" style=\"font-size: 20px;\">United Passenger Seating UK Ltd.<br \/>\n8 Garland Drive<br \/>\nDoncaster<br \/>\nDN4 8FQ<\/p>\n<p class=\"col-lg-6\" style=\"font-size: 20px;\">Tel: +44 (0) 7507 269 830<br \/>\nEmail: &#x62;&#x69;&#x72;&#111;&#108;&#46;o&#x7a;&#x74;&#x75;&#114;&#107;&#64;u&#x6e;&#x69;&#x74;&#101;&#100;ps&#x2e;&#x63;&#x6f;&#46;&#117;k<br \/>\nwww.unitedps.co.uk<\/p>\n<\/div>\n<p>&nbsp;<\/p>\n<div class=\"row\" style=\"border-bottom: 1px solid #000000;\">\n<div class=\"col-lg-12\">\n<p style=\"color: gray; font-size: 30px;\">Italy | Service<\/p>\n<\/div>\n<p class=\"col-lg-6\" style=\"font-size: 20px;\">Ferragutti E Zironi S.R.L.<br \/>\nViale delle Nazioni<br \/>\nI &#8211; 41 122 Modena<\/p>\n<p class=\"col-lg-6\" style=\"font-size: 20px;\">Tel: +39 59 312 152<br \/>\nEmail: &#x66;e&#x72;r&#x61;&#103;&#x30;&#49;&#64;&#x7a;i&#x72;&#111;&#x6e;&#105;&#x74;&#46;1&#x39;1&#x2e;&#73;&#x54;<\/p>\n<\/div>\n<p>&nbsp;<\/p>\n<div class=\"row\" style=\"border-bottom: 1px solid #000000;\">\n<div class=\"col-lg-12\">\n<p style=\"color: gray; font-size: 30px;\">Portugal | Production, Sales, Service<\/p>\n<\/div>\n<p class=\"col-lg-6\" style=\"font-size: 20px;\">SUNVIAUTO S.A.<br \/>\nRua da Bela Vista, 530<br \/>\n4415-170 Pedroso &#8211; Vila Nova de<br \/>\nGaia PORTUGAL<\/p>\n<p class=\"col-lg-6\" style=\"font-size: 20px;\">Tel: +351 227 865 200<br \/>\nEmail: &#x63;&#111;&#x72;&#x72;e&#x69;&#111;&#64;&#x73;&#117;n&#x76;&#105;&#x61;&#x75;t&#x6f;&#46;p&#x74;<br \/>\nwww.sunviauto.pt<\/p>\n<\/div>\n<p>&nbsp;<\/p>\n<div class=\"row\" style=\"border-bottom: 1px solid #000000;\">\n<div class=\"col-lg-12\">\n<p style=\"color: gray; font-size: 30px;\">Spain | Sales, Service<\/p>\n<\/div>\n<p class=\"col-lg-6\" style=\"font-size: 20px;\">SUNVIAUTO ESPANA<br \/>\nPoligono Industrial Iruregana<br \/>\nNaves 69 y 70 31195 &#8211; Aizoain<br \/>\n(Navarra)<\/p>\n<p class=\"col-lg-6\" style=\"font-size: 20px;\">Tel: +34 948 350 710<br \/>\nEmail: j&#111;&#115;&#x65;&#x2e;&#x7a;u&#100;&#97;&#x69;&#x72;&#x65;&#64;s&#117;&#x6e;&#x76;&#x69;au&#116;&#111;&#x2e;&#x70;&#x74;<br \/>\nwww.sunviauto.pt<\/p>\n<\/div>\n<p>&nbsp;<\/p>\n<div class=\"row\" style=\"border-bottom: 1px solid #000000;\">\n<div class=\"col-lg-12\">\n<p style=\"color: gray; font-size: 30px;\">Sweden | Sales, Service<\/p>\n<\/div>\n<p class=\"col-lg-6\" style=\"font-size: 20px;\">NENCO AB<br \/>\nSE &#8211; 256 64 Helsingborg<\/p>\n<p class=\"col-lg-6\" style=\"font-size: 20px;\">Tel: +46 42 16 48 60<br \/>\nEmail: ma&#105;&#108;&#98;&#x6f;&#x78;&#x40;&#x6e;en&#99;&#111;&#46;&#x73;&#x65;<br \/>\nwww.nenco.se<\/p>\n<\/div>\n<p>&nbsp;<\/p>\n<div class=\"row\" style=\"border-bottom: 1px solid #000000;\">\n<div class=\"col-lg-12\">\n<p style=\"color: gray; font-size: 30px;\">Turkey | Headquarter<\/p>\n<\/div>\n<p class=\"col-lg-6\" style=\"font-size: 20px;\">BRUSA KOLTUK VE \u0130\u00c7 TR\u0130M TEKNOLOJ\u0130LER\u0130 SAN. T\u0130C. A.\u015e.<br \/>\nNil\u00fcfer OSB Mavi Cd. 2. Sk.<br \/>\nNo:1 TR-16159 Bursa<\/p>\n<p class=\"col-lg-6\" style=\"font-size: 20px;\">Tel: +90 224 241 76 80<br \/>\nEmail: &#98;&#x72;&#x75;&#115;&#x61;&#x40;&#98;&#x72;&#x75;&#115;&#x61;&#x73;&#101;&#x61;&#x74;&#105;&#x6e;&#x67;&#46;&#x65;&#x75;<br \/>\nwww.brusaseating.eu<\/p>\n<\/div>\n<p>[\/accordion_son][\/accordion_father][vc_separator color=&#8221;black&#8221;][accordion_father icon=&#8221;fas fa-chevron-down&#8221; activeicon=&#8221;fas fa-chevron-down&#8221;][accordion_son title=&#8221;Asien&#8221;]<\/p>\n<div class=\"row\">\n<p class=\"col-lg-6\" style=\"font-size: 20px;\"><span style=\"color: gray; font-size: 30px;\">Israel | Service<\/span><\/p>\n<p>&nbsp;<\/p>\n<\/div>\n<div class=\"row\" style=\"border-bottom: 1px solid #000000;\">\n<p class=\"col-lg-6\" style=\"font-size: 20px;\">OTO NOAH Ltd. Pashosh 4<br \/>\n0000 Ramla \/ Israel<\/p>\n<p class=\"col-lg-6\" style=\"font-size: 20px;\">Tel: +972 50 525 1286<br \/>\nEmail: &#97;&#x64;&#46;&#x61;v&#x69;&#46;&#100;&#x61;&#110;&#x69;n&#x6f;&#64;&#103;&#x6d;&#97;&#x69;l&#x2e;c&#111;&#x6d;<\/p>\n<p>&nbsp;<\/p>\n<\/div>\n<p>&nbsp;<\/p>\n<div class=\"row\" style=\"border-bottom: 1px solid #000000;\">\n<div class=\"col-lg-12\">\n<p style=\"color: gray; font-size: 30px;\">Malaysia | Service<\/p>\n<p>&nbsp;<\/p>\n<\/div>\n<p class=\"col-lg-6\" style=\"font-size: 20px;\">see South Korea Tara Korea<\/p>\n<div class=\"col-lg-6\" style=\"font-size: 20px;\"><\/div>\n<\/div>\n<p>&nbsp;<\/p>\n<div class=\"row\" style=\"border-bottom: 1px solid #000000;\">\n<div class=\"col-lg-12\">\n<p style=\"color: gray; font-size: 30px;\">South Korea | Sales, Service<\/p>\n<\/div>\n<p class=\"col-lg-6\" style=\"font-size: 20px;\">Tara Korea<br \/>\n69 Everland-ro, Pogok-eup,<br \/>\nCheoin-gu, Yongin-si,<br \/>\nGyeonggi-do, 17023<\/p>\n<p class=\"col-lg-6\" style=\"font-size: 20px;\">Tel: +82 (0)31 9140031<br \/>\nMobile: +82 (0)10 41391139<br \/>\nEmail: m&#106;&#112;&#x61;&#x72;&#x6b;&#64;t&#97;&#114;&#x61;&#x6b;&#x6f;r&#101;&#97;&#46;&#x63;&#x6f;&#x6d;<br \/>\n&#x64;&#121;k&#x69;&#109;&#64;&#x74;&#x61;&#114;&#x61;&#x6b;&#111;r&#x65;&#97;&#46;&#x63;&#x6f;&#109;<\/p>\n<\/div>\n<p>&nbsp;<\/p>\n<div class=\"row\" style=\"border-bottom: 1px solid #000000;\">\n<div class=\"col-lg-12\">\n<p style=\"color: gray; font-size: 30px;\">Hong Kong | Service<\/p>\n<\/div>\n<p class=\"col-lg-6\" style=\"font-size: 20px;\">Wah Kee Auto Ltd.<br \/>\nFlat 803, 8\/F,<\/p>\n<p>Kin Wing Indl. Bldg.,<br \/>\n33 Kin Wing St. Tuen Mun, N.T., Hong Kong<\/p>\n<p class=\"col-lg-6\" style=\"font-size: 20px;\">Mobile:<br \/>\nMr. Joe: +852 9629 5957<br \/>\nMr. Yuen: +852 6977 6895<\/p>\n<p>Email: &#119;a&#x68;k&#x65;e&#x61;u&#x74;o&#x6c;t&#x64;&#64;&#x68;&#111;&#x74;&#109;&#x61;&#105;&#x6c;&#46;&#x63;&#111;&#x6d;<\/p>\n<\/div>\n<p>[\/accordion_son][\/accordion_father][vc_separator color=&#8221;black&#8221;][accordion_father icon=&#8221;fas fa-chevron-down&#8221; activeicon=&#8221;fas fa-chevron-down&#8221;][accordion_son title=&#8221;Afrika&#8221;]<\/p>\n<div class=\"row\">\n<div class=\"col-lg-12\">\n<p style=\"color: gray; font-size: 30px;\">Egypt | Production, Sales, Service<\/p>\n<\/div>\n<p class=\"col-lg-6\" style=\"font-size: 20px;\">MCV Manufacturing<br \/>\nCommercial Vehicles<br \/>\nAdress: km24, Cairo &#8211; Ismailia<br \/>\ndesert road, El-Obour. Cairo<\/p>\n<p class=\"col-lg-6\" style=\"font-size: 20px;\">Tel: \u00a0+202 2658 3192<br \/>\n+202 2658 3046<br \/>\nFax: +202 2658 3122<\/p>\n<\/div>\n<p>[\/accordion_son][\/accordion_father][vc_separator color=&#8221;black&#8221;][accordion_father icon=&#8221;fas fa-chevron-down&#8221; activeicon=&#8221;fas fa-chevron-down&#8221;][accordion_son title=&#8221;Amerika&#8221;]<\/p>\n<div class=\"row\">\n<div class=\"col-lg-12\">\n<p style=\"color: gray; font-size: 30px;\">Mexico | Production, Sales, Service<\/p>\n<\/div>\n<p class=\"col-lg-6\" style=\"font-size: 20px;\">SUNVIAUTO MEXICO<br \/>\nNave 9 y 10 Conjunto Industrial<br \/>\nPecaco Ubicada<br \/>\nAV. Del Marques No 38 Parque<br \/>\nIndustrial Bernardo Quintana, El Marques<br \/>\nC.P. 76246 Queretaro<\/p>\n<p class=\"col-lg-6\" style=\"font-size: 20px;\">Tel: +52 144 1483 1367<br \/>\nEmail: &#115;&#x76;&#109;&#x78;c&#x6f;m&#109;&#x65;&#114;&#x63;i&#x61;l&#64;&#x73;&#117;&#x6e;v&#x69;a&#117;&#x74;&#111;&#x2e;p&#x74;<br \/>\nwww.sunviauto.pt<\/p>\n<\/div>\n<p>[\/accordion_son][\/accordion_father][vc_separator color=&#8221;black&#8221;][\/vc_column][\/vc_row]<\/p>\n","protected":false},"excerpt":{"rendered":"<p>[vc_row][vc_column el_class=&#8221;top_up&#8221;][vc_empty_space][vc_column_text] Vogelsitze auf der ganzen Welt [\/vc_column_text][vc_column_text] W\u00e4hlen Sie Ihr Land \/ Ihre Region [\/vc_column_text][vc_empty_space][accordion_father icon=&#8221;fas fa-chevron-down&#8221; activeicon=&#8221;fas fa-chevron-down&#8221;][accordion_son title=&#8221;Europa&#8221;] Germany | Production, Sales, Service VOGELSITZE GmbH Kleinsteinbacherstr. 44 D-76228 Karlsruhe Business hours: Monday &#8211; Thursday 08:00 &#8211; 12:00 o&#8217;clock 13:00 &#8211; 16:00 o&#8217;clock Friday 08:00 &#8211; 15:00 o&#8217;clock Tel: +49 721 47020 Email: [&hellip;]<\/p>\n","protected":false},"author":14,"featured_media":0,"parent":0,"menu_order":0,"comment_status":"closed","ping_status":"closed","template":"","meta":{"footnotes":""},"class_list":["post-6699","page","type-page","status-publish","hentry"],"_links":{"self":[{"href":"https:\/\/www.brusaseating.eu\/de\/wp-json\/wp\/v2\/pages\/6699","targetHints":{"allow":["GET"]}}],"collection":[{"href":"https:\/\/www.brusaseating.eu\/de\/wp-json\/wp\/v2\/pages"}],"about":[{"href":"https:\/\/www.brusaseating.eu\/de\/wp-json\/wp\/v2\/types\/page"}],"author":[{"embeddable":true,"href":"https:\/\/www.brusaseating.eu\/de\/wp-json\/wp\/v2\/users\/14"}],"replies":[{"embeddable":true,"href":"https:\/\/www.brusaseating.eu\/de\/wp-json\/wp\/v2\/comments?post=6699"}],"version-history":[{"count":6,"href":"https:\/\/www.brusaseating.eu\/de\/wp-json\/wp\/v2\/pages\/6699\/revisions"}],"predecessor-version":[{"id":7621,"href":"https:\/\/www.brusaseating.eu\/de\/wp-json\/wp\/v2\/pages\/6699\/revisions\/7621"}],"wp:attachment":[{"href":"https:\/\/www.brusaseating.eu\/de\/wp-json\/wp\/v2\/media?parent=6699"}],"curies":[{"name":"wp","href":"https:\/\/api.w.org\/{rel}","templated":true}]}}