{"id":5969,"date":"2022-08-06T22:26:56","date_gmt":"2022-08-06T20:26:56","guid":{"rendered":"https:\/\/www.vogelsitze.com\/innovation\/"},"modified":"2023-05-11T10:06:19","modified_gmt":"2023-05-11T08:06:19","slug":"innovation","status":"publish","type":"page","link":"https:\/\/www.brusaseating.eu\/de\/innovation\/","title":{"rendered":"Innovation"},"content":{"rendered":"<p>[vc_row css=&#8221;.vc_custom_1520677707881{margin-top: -30px !important;}&#8221;][vc_column el_class=&#8221;top_up_testing&#8221;][vc_empty_space][vc_row_inner][vc_column_inner width=&#8221;1\/4&#8243;][vc_column_text css_animation=&#8221;bounceIn&#8221;]<strong style=\"font-size: 25px;\">Worldwide Passenger Comfort<\/strong>[\/vc_column_text][\/vc_column_inner][vc_column_inner el_class=&#8221;block_border_left&#8221; width=&#8221;3\/4&#8243;][vc_column_text css_animation=&#8221;bounceInRight&#8221;]<\/p>\n<p style=\"text-align: left;\"><strong style=\"font-size: 25px;\">Forschung und Innovation<\/strong><\/p>\n<p>[\/vc_column_text][vc_column_text]<\/p>\n<p style=\"text-align: justify;\">Die Entwicklung innovativer L\u00f6sungen ist eine unserer obersten Priorit\u00e4ten. Brusa Seating hat Pionierarbeit geleistet, darunter mehrere Weltneuheiten bei Sitzsystemen. Unser ganzheitlicher Systemansatz, unser fundiertes Produkt-Know-how und unser umfassendes Wissen \u00fcber Sitzsysteme erm\u00f6glichen es uns, das Gesamtbild zu sehen und die Innovationen zu liefern, die die Zukunft der Mobilit\u00e4t vorantreiben werden. Wir verlassen uns auf wettbewerbsf\u00e4higes Know-how und sorgf\u00e4ltig ausgew\u00e4hlte Ressourcen.<\/p>\n<p>[\/vc_column_text][vc_column_text]<\/p>\n<p style=\"text-align: left;\">Unsere Entwicklungsprojekte sind, unserer Forschung, Entwicklung und der Anwendungstechnik (RD&amp;E), zugeordnet. Unsere Kunden werden durch Brusa Seating bei der Entwicklung neuer Fahrzeugmodelle unterst\u00fctzt.<\/p>\n<p>[\/vc_column_text][vc_column_text]<\/p>\n<p style=\"text-align: left;\">Wir sind bereit, neue CO2-Vorschriften zu erf\u00fcllen, Effizienz und Leistung f\u00fcr alle L\u00f6sungen zu priorisieren und dazu beizutragen, Fahrzeuge zu entwickeln, die den Anforderungen von morgen entsprechen.<\/p>\n<p>[\/vc_column_text][\/vc_column_inner][\/vc_row_inner][vc_empty_space height=&#8221;80px&#8221;][vc_row_inner][vc_column_inner el_class=&#8221;block_border_right&#8221; width=&#8221;1\/2&#8243;][vc_single_image image=&#8221;6538&#8243; img_size=&#8221;full&#8221;][\/vc_column_inner][vc_column_inner width=&#8221;1\/2&#8243;][vc_column_text]<strong style=\"font-size: 30px;\">Nachhaltige Produkte<\/strong>[\/vc_column_text][vc_column_text]<\/p>\n<p style=\"text-align: justify;\">Unsere Produkte sorgen f\u00fcr eine sichere und nachhaltige Mobilit\u00e4t. Wir wollen unsere Produkte \u00fcber ihren gesamten Lebenszyklus nachhaltig gestalten \u2013 von der Beschaffung und Produktion \u00fcber die Nutzung, R\u00fccknahme und Wiederaufarbeitung bis hin zum Recycling und der Wiederverwendung von Materialien.<\/p>\n<p>[\/vc_column_text][mvc_advanced_button btn_animation=&#8221;button&#8211;ujarak&#8221; icon_position=&#8221;right&#8221; btn_text=&#8221;Mehr Erfahren&#8221; btn_icon=&#8221;fas fa-angle-right&#8221; btn_url=&#8221;url:http%3A%2F%2Fwww.brusaseating.eu%2Fde%2Fnachhaltige-produkte%2F|target:_blank&#8221; caption_url=&#8221;&#8221; caption_urls=&#8221;&#8221; caption_urlss=&#8221;&#8221;][\/vc_column_inner][\/vc_row_inner][vc_empty_space height=&#8221;50px&#8221;][vc_row_inner][vc_column_inner width=&#8221;1\/2&#8243;][vc_column_text]<strong style=\"font-size: 30px;\">Elektrifizierte Sitze und Systeme der Zukunft<\/strong>[\/vc_column_text][vc_column_text]<\/p>\n<p style=\"text-align: justify;\">Was w\u00e4re wenn Sitze neu gedacht werden k\u00f6nnen?<\/p>\n<p>[\/vc_column_text][mvc_advanced_button btn_animation=&#8221;button&#8211;ujarak&#8221; icon_position=&#8221;right&#8221; btn_text=&#8221;Mehr Erfahren&#8221; btn_icon=&#8221;fas fa-angle-right&#8221;][\/vc_column_inner][vc_column_inner el_class=&#8221;block_border_left&#8221; width=&#8221;1\/2&#8243;][vc_single_image image=&#8221;5954&#8243; img_size=&#8221;full&#8221;][\/vc_column_inner][\/vc_row_inner][vc_empty_space height=&#8221;50px&#8221;][vc_row_inner][vc_column_inner el_class=&#8221;block_border_right&#8221; width=&#8221;1\/2&#8243; css=&#8221;.vc_custom_1660028297573{margin-top: -60px !important;}&#8221;][vc_single_image image=&#8221;6303&#8243; img_size=&#8221;full&#8221;][\/vc_column_inner][vc_column_inner width=&#8221;1\/2&#8243;][vc_column_text]<strong style=\"font-size: 30px;\">Comfort<\/strong>[\/vc_column_text][vc_column_text]<\/p>\n<p style=\"text-align: justify;\">Eine Top-Innovation am Fahrgastsitz: die individuell und stufenlos verstellbare Lordose-Unterst\u00fctzung.<\/p>\n<p>[\/vc_column_text][mvc_advanced_button btn_animation=&#8221;button&#8211;ujarak&#8221; icon_position=&#8221;right&#8221; btn_text=&#8221;Mehr Erfahren&#8221; btn_icon=&#8221;fas fa-angle-right&#8221;][\/vc_column_inner][\/vc_row_inner][vc_empty_space height=&#8221;50px&#8221;][vc_row_inner][vc_column_inner width=&#8221;1\/2&#8243;][vc_column_text]<strong style=\"font-size: 30px;\">Sicherheit von Passagieren<br \/>\n<\/strong>[\/vc_column_text][vc_column_text]<\/p>\n<p style=\"text-align: justify;\">3- Punkt Generations-Gurt System. Die wichtigste Sicherheitsbauteil f\u00fcr jedes Fahrzeug ist der Sicherheitsgurt. Die Sicherheit beim Transport von Kindern in Reise-\/\u00dcberlandbussen r\u00fcckt immer mehr in den Fokus der \u00d6ffentlichkeit.<\/p>\n<p>[\/vc_column_text][mvc_advanced_button btn_animation=&#8221;button&#8211;ujarak&#8221; icon_position=&#8221;right&#8221; btn_text=&#8221;Mehr Erfahren&#8221; btn_icon=&#8221;fas fa-angle-right&#8221;][\/vc_column_inner][vc_column_inner el_class=&#8221;block_border_left&#8221; width=&#8221;1\/2&#8243; css=&#8221;.vc_custom_1659880243098{margin-top: -20px !important;}&#8221;][vc_single_image image=&#8221;6063&#8243; img_size=&#8221;full&#8221;][\/vc_column_inner][\/vc_row_inner][vc_empty_space height=&#8221;50px&#8221;][vc_row_inner][vc_column_inner el_class=&#8221;block_border_right&#8221; width=&#8221;1\/2&#8243;][vc_single_image image=&#8221;6029&#8243; img_size=&#8221;full&#8221;][\/vc_column_inner][vc_column_inner width=&#8221;1\/2&#8243;][vc_column_text]<strong style=\"font-size: 30px;\">Sicherheitsl\u00f6sung<br \/>\n<\/strong>[\/vc_column_text][vc_column_text]<\/p>\n<p style=\"text-align: justify;\">Mit dem Ziel, die Sicherheit zu erh\u00f6hen, unterst\u00fctzen die Erkenntnisse aus unseren Shaker- und Crashtests und unserer Entwicklungsabteilung unsere Kunden bei der Fahrzeugsicherheit.<\/p>\n<p>[\/vc_column_text][mvc_advanced_button btn_animation=&#8221;button&#8211;ujarak&#8221; icon_position=&#8221;right&#8221; btn_text=&#8221;Mehr Erfahren&#8221; btn_icon=&#8221;fas fa-angle-right&#8221; btn_url=&#8221;url:http%3A%2F%2Fwww.brusaseating.eu%2Fde%2Ftest-services%2F|title:Test%20Services&#8221;][\/vc_column_inner][\/vc_row_inner][vc_empty_space height=&#8221;50px&#8221;][vc_row_inner][vc_column_inner width=&#8221;1\/2&#8243;][vc_column_text]<strong style=\"font-size: 30px;\">Leichtbau<\/strong>[\/vc_column_text][vc_column_text]<\/p>\n<p style=\"text-align: justify;\">Im heutigen Sitz-Engineering werden haupts\u00e4chlich Aluminium, hochfeste St\u00e4hle verwendet. Es gibt allerdings zahlreiche neue Materialien, die st\u00e4rker und leistungsf\u00e4higer sind. Diesbez\u00fcglich werden viele Materialien erforscht oder stehen in der Entwicklung, die in Zukunft erfolgreich im Leichtbau Anwendung finden k\u00f6nnen.<\/p>\n<p>[\/vc_column_text][mvc_advanced_button btn_animation=&#8221;button&#8211;ujarak&#8221; icon_position=&#8221;right&#8221; btn_text=&#8221;Mehr Erfahren&#8221; btn_icon=&#8221;fas fa-angle-right&#8221; btn_url=&#8221;url:http%3A%2F%2Fwww.brusaseating.eu%2Fde%2Fleichtbau%2F|title:Leichtbau|target:_blank&#8221;][\/vc_column_inner][vc_column_inner el_class=&#8221;block_border_left&#8221; width=&#8221;1\/2&#8243;][vc_single_image image=&#8221;6642&#8243; img_size=&#8221;full&#8221;][\/vc_column_inner][\/vc_row_inner][\/vc_column][\/vc_row]<\/p>\n","protected":false},"excerpt":{"rendered":"<p>[vc_row css=&#8221;.vc_custom_1520677707881{margin-top: -30px !important;}&#8221;][vc_column el_class=&#8221;top_up_testing&#8221;][vc_empty_space][vc_row_inner][vc_column_inner width=&#8221;1\/4&#8243;][vc_column_text css_animation=&#8221;bounceIn&#8221;]Worldwide Passenger Comfort[\/vc_column_text][\/vc_column_inner][vc_column_inner el_class=&#8221;block_border_left&#8221; width=&#8221;3\/4&#8243;][vc_column_text css_animation=&#8221;bounceInRight&#8221;] Forschung und Innovation [\/vc_column_text][vc_column_text] Die Entwicklung innovativer L\u00f6sungen ist eine unserer obersten Priorit\u00e4ten. Brusa Seating hat Pionierarbeit geleistet, darunter mehrere Weltneuheiten bei Sitzsystemen. Unser ganzheitlicher Systemansatz, unser fundiertes Produkt-Know-how und unser umfassendes Wissen \u00fcber Sitzsysteme erm\u00f6glichen es uns, das Gesamtbild zu sehen und [&hellip;]<\/p>\n","protected":false},"author":14,"featured_media":0,"parent":0,"menu_order":0,"comment_status":"closed","ping_status":"closed","template":"","meta":{"footnotes":""},"class_list":["post-5969","page","type-page","status-publish","hentry"],"_links":{"self":[{"href":"https:\/\/www.brusaseating.eu\/de\/wp-json\/wp\/v2\/pages\/5969","targetHints":{"allow":["GET"]}}],"collection":[{"href":"https:\/\/www.brusaseating.eu\/de\/wp-json\/wp\/v2\/pages"}],"about":[{"href":"https:\/\/www.brusaseating.eu\/de\/wp-json\/wp\/v2\/types\/page"}],"author":[{"embeddable":true,"href":"https:\/\/www.brusaseating.eu\/de\/wp-json\/wp\/v2\/users\/14"}],"replies":[{"embeddable":true,"href":"https:\/\/www.brusaseating.eu\/de\/wp-json\/wp\/v2\/comments?post=5969"}],"version-history":[{"count":26,"href":"https:\/\/www.brusaseating.eu\/de\/wp-json\/wp\/v2\/pages\/5969\/revisions"}],"predecessor-version":[{"id":7630,"href":"https:\/\/www.brusaseating.eu\/de\/wp-json\/wp\/v2\/pages\/5969\/revisions\/7630"}],"wp:attachment":[{"href":"https:\/\/www.brusaseating.eu\/de\/wp-json\/wp\/v2\/media?parent=5969"}],"curies":[{"name":"wp","href":"https:\/\/api.w.org\/{rel}","templated":true}]}}