{"id":5208,"date":"2022-07-27T11:46:16","date_gmt":"2022-07-27T09:46:16","guid":{"rendered":"https:\/\/www.vogelsitze.com\/minibus\/"},"modified":"2023-06-19T10:36:50","modified_gmt":"2023-06-19T08:36:50","slug":"minibus","status":"publish","type":"page","link":"https:\/\/www.brusaseating.eu\/de\/minibus\/","title":{"rendered":"Minibus"},"content":{"rendered":"<p>[vc_row css=&#8221;.vc_custom_1520677707881{margin-top: -30px !important;}&#8221;][vc_column el_class=&#8221;top_up_testing&#8221;][vc_empty_space height=&#8221;50px&#8221;][vc_column_text]<\/p>\n<p><strong style=\"font-size: 45px;\">MINIBUS<\/strong><\/p>\n<p>[\/vc_column_text][vc_empty_space height=&#8221;50px&#8221;][vc_row_inner el_id=&#8221;primus&#8221;][vc_column_inner width=&#8221;1\/2&#8243;][vc_column_text]<strong style=\"font-size: 30px;\">CREATE 80<\/strong>[\/vc_column_text][vc_column_text]<\/p>\n<div style=\"border-right: 1px solid #000000;\">\n<div style=\"margin-right: 15px;\">\n<h3>Create 80 steht f\u00fcr h\u00f6chste Produktinnovation<\/h3>\n<p style=\"text-align: justify;\">Der Sitz Create 80 ist f\u00fcr Regionalbusse entwickelt worden. Er ist mit 2- und 3-Punkt-Sicherheitsgurten ausgestattet. Und mit dem optionalen R\u00fcckenlehnenmechanismus bietet es eine L\u00f6sung f\u00fcr Reisebusse. Gepr\u00fcft nach EU-Richtlinien.<\/p>\n<ul>\n<li>Variabler Anwendungsbereich<\/li>\n<li>Wettbewerbsf\u00e4hige Preise \u2013 Leistungsration<\/li>\n<li>Vielseitiger Sitz<\/li>\n<li>Geringgewichtiger und Modularer Sitz<\/li>\n<li>Verschiedene Anbauteile<\/li>\n<\/ul>\n<\/div>\n<\/div>\n<p>[\/vc_column_text][mvc_advanced_button btn_animation=&#8221;button&#8211;ujarak&#8221; btn_text=&#8221;Download PDF&#8221; btn_icon=&#8221;fas fa-file-download&#8221; btn_url=&#8221;url:http%3A%2F%2Fwww.brusaseating.eu%2Fwp-content%2Fuploads%2FCreate-80.pdf|target:_blank&#8221; btn_hvrbg=&#8221;#003366&#8243;][\/vc_column_inner][vc_column_inner width=&#8221;1\/2&#8243;][vc_single_image image=&#8221;7844&#8243; img_size=&#8221;full&#8221; alignment=&#8221;right&#8221;][\/vc_column_inner][\/vc_row_inner][vc_empty_space height=&#8221;50px&#8221;][vc_row_inner el_id=&#8221;strada&#8221;][vc_column_inner width=&#8221;1\/2&#8243;][vc_single_image image=&#8221;7531&#8243; img_size=&#8221;full&#8221; alignment=&#8221;right&#8221; css_animation=&#8221;none&#8221;][\/vc_column_inner][vc_column_inner width=&#8221;1\/2&#8243;][vc_column_text]<strong style=\"font-size: 30px; margin-left: 15px;\">CREATE 100<\/strong>[\/vc_column_text][vc_column_text]<\/p>\n<div style=\"border-left: 1px solid #000000;\">\n<div style=\"margin-left: 15px;\">\n<div class=\"wpb_text_column wpb_content_element \">\n<div class=\"wpb_wrapper\">\n<h3>Create 100 Produktbrosch\u00fcre<\/h3>\n<p style=\"text-align: justify;\">H\u00f6chster Komfort und perfekte Ergonomie. Exklusiver und luxuri\u00f6ser Bussitz, innovatives Design und moderne Technologie. Geeignet f\u00fcr alle Entfernungen. Optionales Zubeh\u00f6r erh\u00e4ltlich.<\/p>\n<ul>\n<li>Attraktives Design<\/li>\n<li>Variabler Anwendungsbereich<\/li>\n<li>Best\u00e4ndiges und robustes Material<\/li>\n<li>Wettbewerbsf\u00e4hige Preise \u2013 Leistungsration<\/li>\n<li>Verschiedene Anbauteile<\/li>\n<li>H\u00f6chstes Komfortniveau<\/li>\n<li>Verschiedene Polsterungsm\u00f6glichkeiten<\/li>\n<\/ul>\n<\/div>\n<\/div>\n<div class=\"vc_tta-container\" data-vc-action=\"collapse\">\n<div class=\"vc_general vc_tta vc_tta-accordion vc_tta-color-grey vc_tta-style-classic vc_tta-shape-square vc_tta-o-shape-group vc_tta-gap-10 vc_tta-controls-align-left vc_tta-o-no-fill\">\n<div class=\"vc_tta-panels-container\">\n<div class=\"vc_tta-panels\">\n<div id=\"seat_characteristics\" class=\"vc_tta-panel vc_active\" data-vc-content=\".vc_tta-panel-body\">\n<div class=\"vc_tta-panel-heading\">\n<h4 class=\"vc_tta-panel-title vc_tta-controls-icon-position-right\"><\/h4>\n<\/div>\n<\/div>\n<\/div>\n<\/div>\n<\/div>\n<\/div>\n<\/div>\n<\/div>\n<p>[\/vc_column_text][mvc_advanced_button btn_animation=&#8221;button&#8211;ujarak&#8221; btn_text=&#8221;Download PDF&#8221; btn_icon=&#8221;fas fa-file-download&#8221; btn_url=&#8221;url:http%3A%2F%2Fwww.brusaseating.eu%2Fwp-content%2Fuploads%2FCreate-100-1.pdf|target:_blank&#8221; btn_hvrbg=&#8221;#003366&#8243;][\/vc_column_inner][\/vc_row_inner][\/vc_column][\/vc_row]<\/p>\n","protected":false},"excerpt":{"rendered":"<p>[vc_row css=&#8221;.vc_custom_1520677707881{margin-top: -30px !important;}&#8221;][vc_column el_class=&#8221;top_up_testing&#8221;][vc_empty_space height=&#8221;50px&#8221;][vc_column_text] MINIBUS [\/vc_column_text][vc_empty_space height=&#8221;50px&#8221;][vc_row_inner el_id=&#8221;primus&#8221;][vc_column_inner width=&#8221;1\/2&#8243;][vc_column_text]CREATE 80[\/vc_column_text][vc_column_text] Create 80 steht f\u00fcr h\u00f6chste Produktinnovation Der Sitz Create 80 ist f\u00fcr Regionalbusse entwickelt worden. Er ist mit 2- und 3-Punkt-Sicherheitsgurten ausgestattet. Und mit dem optionalen R\u00fcckenlehnenmechanismus bietet es eine L\u00f6sung f\u00fcr Reisebusse. Gepr\u00fcft nach EU-Richtlinien. Variabler Anwendungsbereich Wettbewerbsf\u00e4hige Preise \u2013 Leistungsration Vielseitiger [&hellip;]<\/p>\n","protected":false},"author":14,"featured_media":0,"parent":0,"menu_order":0,"comment_status":"closed","ping_status":"closed","template":"","meta":{"footnotes":""},"class_list":["post-5208","page","type-page","status-publish","hentry"],"_links":{"self":[{"href":"https:\/\/www.brusaseating.eu\/de\/wp-json\/wp\/v2\/pages\/5208","targetHints":{"allow":["GET"]}}],"collection":[{"href":"https:\/\/www.brusaseating.eu\/de\/wp-json\/wp\/v2\/pages"}],"about":[{"href":"https:\/\/www.brusaseating.eu\/de\/wp-json\/wp\/v2\/types\/page"}],"author":[{"embeddable":true,"href":"https:\/\/www.brusaseating.eu\/de\/wp-json\/wp\/v2\/users\/14"}],"replies":[{"embeddable":true,"href":"https:\/\/www.brusaseating.eu\/de\/wp-json\/wp\/v2\/comments?post=5208"}],"version-history":[{"count":25,"href":"https:\/\/www.brusaseating.eu\/de\/wp-json\/wp\/v2\/pages\/5208\/revisions"}],"predecessor-version":[{"id":7848,"href":"https:\/\/www.brusaseating.eu\/de\/wp-json\/wp\/v2\/pages\/5208\/revisions\/7848"}],"wp:attachment":[{"href":"https:\/\/www.brusaseating.eu\/de\/wp-json\/wp\/v2\/media?parent=5208"}],"curies":[{"name":"wp","href":"https:\/\/api.w.org\/{rel}","templated":true}]}}