{"id":5201,"date":"2022-07-27T11:32:14","date_gmt":"2022-07-27T09:32:14","guid":{"rendered":"https:\/\/www.vogelsitze.com\/reiseverkehr\/"},"modified":"2023-05-17T09:05:24","modified_gmt":"2023-05-17T07:05:24","slug":"reiseverkehr","status":"publish","type":"page","link":"https:\/\/www.brusaseating.eu\/de\/reiseverkehr\/","title":{"rendered":"Reiseverkehr"},"content":{"rendered":"<p>[vc_row css=&#8221;.vc_custom_1520677707881{margin-top: -30px !important;}&#8221;][vc_column el_class=&#8221;top_up_testing&#8221; css=&#8221;.vc_custom_1659604007422{margin-top: 0px !important;}&#8221;][vc_empty_space height=&#8221;50px&#8221;][vc_column_text]<strong style=\"font-size: 45px;\">REISEVERKEHR<\/strong>[\/vc_column_text][vc_row_inner][vc_column_inner][vc_column_text]<\/p>\n<p style=\"text-align: justify;\"><strong>Immer die richtige L\u00f6sung f\u00fcr jeden Bedarf<\/strong><\/p>\n<p style=\"text-align: justify;\">Die Reisebus Sitzsystemen von Vogelsitze bringen bestechende Eleganz, h\u00f6chster Komfort und perfekte Sicherheit in innovativem Design und modernster Technik.<\/p>\n<p style=\"text-align: justify;\">Mit vielf\u00e4ltigen Sitzsystemen und variablen Ausstattungsprogrammen bieten wir kundenindividuelle Produkte, funktionales und formsch\u00f6nes Zubeh\u00f6r &#8211; die perfekten L\u00f6sungen f\u00fcr jeden Bedarf.<\/p>\n<p>[\/vc_column_text][vc_empty_space height=&#8221;10px&#8221;][\/vc_column_inner][\/vc_row_inner][vc_row_inner el_id=&#8221;magniobasic&#8221;][vc_column_inner width=&#8221;1\/2&#8243;][vc_separator color=&#8221;black&#8221;][vc_column_text]<\/p>\n<p style=\"text-align: left;\"><strong style=\"font-size: 30px;\">EXTEND 100<\/strong><\/p>\n<p>[\/vc_column_text][vc_column_text]<\/p>\n<div style=\"border-right: 1px solid #000000;\">\n<div style=\"margin-right: 15px;\">\n<h3>Extend 100 steht f\u00fcr h\u00f6chste Produktinnovation<\/h3>\n<p style=\"text-align: justify;\">H\u00f6chster Komfort und perfekte Ergonomie. Exklusiver und luxuri\u00f6ser Bussitz, innovatives Design und moderne Technologie. Geeignet f\u00fcr alle Entfernungen. Optionales Zubeh\u00f6r erh\u00e4ltlich.<\/p>\n<ul>\n<li>Attraktives Design<\/li>\n<li>H\u00f6chstes Komfortniveau<\/li>\n<li>Variabler Anwendungsbereich<\/li>\n<li>Best\u00e4ndiges und robustes Material<\/li>\n<li>Wettbewerbsf\u00e4hige Preise \u2013 Leistungsration<\/li>\n<li>Verschiedene Anbauteile<\/li>\n<li>Geringgewichtiger und Modularer Sitz<\/li>\n<li>Sehr d\u00fcnner R\u00fccken<\/li>\n<li>Verschiedene Polsterungsm\u00f6glichkeiten<\/li>\n<\/ul>\n<\/div>\n<\/div>\n<p>[\/vc_column_text][mvc_advanced_button btn_animation=&#8221;button&#8211;ujarak&#8221; btn_text=&#8221;Download PDF&#8221; btn_icon=&#8221;fas fa-file-download&#8221; btn_url=&#8221;url:http%3A%2F%2Fwww.brusaseating.eu%2Fwp-content%2Fuploads%2FmagnioPdf-1.pdf|target:_blank&#8221; btn_hvrbg=&#8221;#003366&#8243;][\/vc_column_inner][vc_column_inner width=&#8221;1\/2&#8243;][vc_single_image image=&#8221;7686&#8243; img_size=&#8221;large&#8221; css_animation=&#8221;none&#8221; css=&#8221;.vc_custom_1684306380533{margin-top: -30px !important;}&#8221;][\/vc_column_inner][\/vc_row_inner][vc_empty_space height=&#8221;50px&#8221;][vc_row_inner el_id=&#8221;magnioluxury&#8221;][vc_column_inner width=&#8221;1\/2&#8243;][vc_single_image image=&#8221;7539&#8243; img_size=&#8221;large&#8221; css_animation=&#8221;none&#8221; css=&#8221;.vc_custom_1684306476989{margin-top: -30px !important;}&#8221;][\/vc_column_inner][vc_column_inner width=&#8221;1\/2&#8243;][vc_separator color=&#8221;black&#8221;][vc_column_text]<strong style=\"font-size: 30px; margin-left: 15px;\">EXTEND 300<\/strong>[\/vc_column_text][vc_column_text]<\/p>\n<div style=\"border-left: 1px solid #000000;\">\n<div style=\"margin-left: 15px;\">\n<h3>Extend 300 steht f\u00fcr h\u00f6chste Produktinnovation<\/h3>\n<p style=\"text-align: justify;\">H\u00f6chster Komfort und perfekte Ergonomie. Exklusiver und luxuri\u00f6ser Bussitz, innovatives Design und moderne Technologie. Geeignet f\u00fcr alle Entfernungen. Optionales Zubeh\u00f6r erh\u00e4ltlich.<\/p>\n<ul>\n<li>Attraktives Design<\/li>\n<li>Variabler Anwendungsbereich<\/li>\n<li>Best\u00e4ndiges und robustes Material<\/li>\n<li>Wettbewerbsf\u00e4hige Preise \u2013 Leistungsration<\/li>\n<li>Verschiedene Anbauteile<\/li>\n<li>H\u00f6chstes Komfortniveau<\/li>\n<li>Geringgewichtiger und Modularer Sitz<\/li>\n<li>Sehr d\u00fcnner R\u00fccken<\/li>\n<li>Klapptisch parallel f\u00fchrbar<\/li>\n<\/ul>\n<\/div>\n<\/div>\n<p>[\/vc_column_text][mvc_advanced_button btn_animation=&#8221;button&#8211;ujarak&#8221; btn_text=&#8221;Download PDF&#8221; btn_icon=&#8221;fas fa-file-download&#8221; btn_url=&#8221;url:http%3A%2F%2Fwww.brusaseating.eu%2Fwp-content%2Fuploads%2FExtend-300.pdf|target:_blank&#8221; btn_hvrbg=&#8221;#003366&#8243;][\/vc_column_inner][\/vc_row_inner][vc_empty_space height=&#8221;50px&#8221;][vc_row_inner el_id=&#8221;magniohighluxury&#8221;][vc_column_inner width=&#8221;1\/2&#8243;][vc_separator color=&#8221;black&#8221;][vc_column_text]<\/p>\n<p style=\"text-align: left;\"><strong style=\"font-size: 30px;\">EXTEND 500<\/strong><\/p>\n<p>[\/vc_column_text][vc_column_text]<\/p>\n<div style=\"border-right: 1px solid #000000;\">\n<div style=\"margin-right: 10px;\">\n<h3>Extend 500 steht f\u00fcr h\u00f6chste Produktinnovation<\/h3>\n<p style=\"text-align: justify;\">H\u00f6chster Komfort und perfekte Ergonomie. Exklusiver und luxuri\u00f6ser Bussitz, innovatives Design und moderne Technologie. Geeignet f\u00fcr alle Entfernungen. Optionales Zubeh\u00f6r erh\u00e4ltlich.<\/p>\n<ul>\n<li>Verschiedene Polsterungsm\u00f6glichkeite<\/li>\n<li>H\u00f6chstes Komfortniveau<\/li>\n<li>Verschiedene Anbauteile<\/li>\n<li>Wettbewerbsf\u00e4hige Preise \u2013 Leistungsration<\/li>\n<li>Variabler Anwendungsbereich<\/li>\n<li>Best\u00e4ndiges und robustes Material<\/li>\n<li>Attraktives Design<\/li>\n<li>Klapptisch parallel f\u00fchrbar<\/li>\n<\/ul>\n<\/div>\n<\/div>\n<p>[\/vc_column_text][mvc_advanced_button btn_animation=&#8221;button&#8211;ujarak&#8221; btn_text=&#8221;Download PDF&#8221; btn_icon=&#8221;fas fa-file-download&#8221; btn_url=&#8221;url:http%3A%2F%2Fwww.brusaseating.eu%2Fwp-content%2Fuploads%2FExtend-500.pdf|target:_blank&#8221; btn_hvrbg=&#8221;#003366&#8243;][\/vc_column_inner][vc_column_inner width=&#8221;1\/2&#8243;][vc_single_image image=&#8221;7541&#8243; img_size=&#8221;large&#8221; css_animation=&#8221;none&#8221; css=&#8221;.vc_custom_1684306525228{margin-top: -30px !important;}&#8221;][\/vc_column_inner][\/vc_row_inner][vc_empty_space height=&#8221;50px&#8221;][vc_row_inner el_id=&#8221;magnio\/vip&#8221;][vc_column_inner width=&#8221;1\/2&#8243;][vc_single_image image=&#8221;7543&#8243; img_size=&#8221;large&#8221; css_animation=&#8221;none&#8221; css=&#8221;.vc_custom_1684306659998{margin-top: -30px !important;}&#8221;][\/vc_column_inner][vc_column_inner width=&#8221;1\/2&#8243;][vc_separator color=&#8221;black&#8221;][vc_column_text]<\/p>\n<p style=\"text-align: left; margin-left: 15px;\"><strong style=\"font-size: 30px;\">EXTEND 600 \/ ARIUS VIP<\/strong><\/p>\n<p>[\/vc_column_text][vc_column_text]<\/p>\n<div style=\"border-left: 1px solid #000000;\">\n<div style=\"margin-left: 15px;\">\n<h3>Arius VIP steht f\u00fcr h\u00f6chste Produktinnovation<\/h3>\n<p style=\"text-align: justify;\">H\u00f6chster Komfort und perfekte Ergonomie. Exklusiver und luxuri\u00f6ser Bussitz, innovatives Design und moderne Technologie. Geeignet f\u00fcr alle Entfernungen. Optionales Zubeh\u00f6r erh\u00e4ltlich.<\/p>\n<ul>\n<li>Attraktives Design<\/li>\n<li>Variabler Anwendungsbereich<\/li>\n<li>Best\u00e4ndiges und robustes Material<\/li>\n<li>Wettbewerbsf\u00e4hige Preise \u2013 Leistungsration<\/li>\n<li>Verschiedene Anbauteile<\/li>\n<li>H\u00f6chstes Komfortniveau<\/li>\n<li>Verschiedene Polsterungsm\u00f6glichkeiten<\/li>\n<li>Klapptisch parallel f\u00fchrbar iPad halter<\/li>\n<\/ul>\n<\/div>\n<\/div>\n<p>[\/vc_column_text][mvc_advanced_button btn_animation=&#8221;button&#8211;ujarak&#8221; btn_text=&#8221;Download PDF&#8221; btn_icon=&#8221;fas fa-file-download&#8221; btn_url=&#8221;url:http%3A%2F%2Fwww.brusaseating.eu%2Fwp-content%2Fuploads%2FArius-VIP.pdf|target:_blank&#8221; btn_hvrbg=&#8221;#003366&#8243;][\/vc_column_inner][\/vc_row_inner][vc_empty_space height=&#8221;50px&#8221;][vc_row_inner el_id=&#8221;ls20&#8243;][vc_column_inner width=&#8221;1\/2&#8243;][vc_separator color=&#8221;black&#8221;][vc_column_text]<strong style=\"font-size: 30px;\">CREATE 100<\/strong>[\/vc_column_text][vc_column_text]<\/p>\n<div style=\"border-right: 1px solid #000000;\">\n<div style=\"margin-right: 15px;\">\n<h3>Create 100 Produktbrosch\u00fcre<\/h3>\n<p style=\"text-align: justify;\">H\u00f6chster Komfort und perfekte Ergonomie. Exklusiver und luxuri\u00f6ser Bussitz, innovatives Design und moderne Technologie. Geeignet f\u00fcr alle Entfernungen. Optionales Zubeh\u00f6r erh\u00e4ltlich.<\/p>\n<ul>\n<li>Attraktives Design<\/li>\n<li>Variabler Anwendungsbereich<\/li>\n<li>Best\u00e4ndiges und robustes Material<\/li>\n<li>Wettbewerbsf\u00e4hige Preise \u2013 Leistungsration<\/li>\n<li>Verschiedene Anbauteile<\/li>\n<li>H\u00f6chstes Komfortniveau<\/li>\n<li>Verschiedene Polsterungsm\u00f6glichkeiten<\/li>\n<\/ul>\n<\/div>\n<\/div>\n<p>[\/vc_column_text][mvc_advanced_button btn_animation=&#8221;button&#8211;ujarak&#8221; btn_text=&#8221;Download PDF&#8221; btn_icon=&#8221;fas fa-file-download&#8221; btn_url=&#8221;url:http%3A%2F%2Fwww.brusaseating.eu%2Fwp-content%2Fuploads%2FCreate-100.pdf|target:_blank&#8221; btn_hvrbg=&#8221;#003366&#8243;][\/vc_column_inner][vc_column_inner width=&#8221;1\/2&#8243;][vc_single_image image=&#8221;7531&#8243; img_size=&#8221;large&#8221; css_animation=&#8221;none&#8221; css=&#8221;.vc_custom_1684306772528{margin-top: -10px !important;margin-right: 70px !important;margin-bottom: 70px !important;margin-left: 70px !important;}&#8221;][\/vc_column_inner][\/vc_row_inner][vc_empty_space height=&#8221;50px&#8221;][vc_row_inner el_id=&#8221;ls30&#8243;][vc_column_inner width=&#8221;1\/2&#8243;][vc_single_image image=&#8221;7533&#8243; img_size=&#8221;large&#8221; css_animation=&#8221;none&#8221; css=&#8221;.vc_custom_1684306879334{margin-top: 30px !important;margin-right: 70px !important;margin-bottom: 70px !important;margin-left: 70px !important;}&#8221;][\/vc_column_inner][vc_column_inner width=&#8221;1\/2&#8243;][vc_separator color=&#8221;black&#8221;][vc_column_text]<strong style=\"font-size: 30px;\">CREATE 120<\/strong>[\/vc_column_text][vc_column_text]<\/p>\n<div style=\"border-left: 1px solid #000000;\">\n<div style=\"margin-left: 15px;\">\n<p style=\"text-align: justify;\">H\u00f6chster Komfort und perfekte Ergonomie. Exklusiver und luxuri\u00f6ser Bussitz, innovatives Design und moderne Technologie. Geeignet f\u00fcr alle Entfernungen. Optionales Zubeh\u00f6r erh\u00e4ltlich.<\/p>\n<ul>\n<li>Attraktives Design<\/li>\n<li>Variabler Anwendungsbereich<\/li>\n<li>Best\u00e4ndiges und robustes Material<\/li>\n<li>Wettbewerbsf\u00e4hige Preise \u2013 Leistungsration<\/li>\n<li>Verschiedene Anbauteile<\/li>\n<li>H\u00f6chstes Komfortniveau<\/li>\n<li>Verschiedene Polsterungsm\u00f6glichkeiten<\/li>\n<\/ul>\n<\/div>\n<\/div>\n<p>[\/vc_column_text][mvc_advanced_button btn_animation=&#8221;button&#8211;ujarak&#8221; btn_text=&#8221;Download PDF&#8221; btn_icon=&#8221;fas fa-file-download&#8221; btn_url=&#8221;url:http%3A%2F%2Fwww.brusaseating.eu%2Fwp-content%2Fuploads%2FCreate-110-120.pdf|target:_blank&#8221; btn_hvrbg=&#8221;#003366&#8243;][\/vc_column_inner][\/vc_row_inner][vc_empty_space height=&#8221;50px&#8221;][vc_row_inner el_id=&#8221;ls40&#8243;][vc_column_inner width=&#8221;1\/2&#8243;][vc_separator color=&#8221;black&#8221;][vc_column_text]<strong style=\"font-size: 30px;\">CREATE 120 KS<\/strong>[\/vc_column_text][vc_column_text]<\/p>\n<div style=\"border-right: 1px solid #000000;\">\n<div style=\"margin-right: 15px;\">\n<h3>Create 120 KS steht f\u00fcr h\u00f6chste Produktinnovation<\/h3>\n<p style=\"text-align: justify;\">H\u00f6chster Komfort und perfekte Ergonomie. Exklusiver und luxuri\u00f6ser Bussitz, innovatives Design und moderne Technologie. Geeignet f\u00fcr alle Entfernungen. Optionales Zubeh\u00f6r erh\u00e4ltlich.<\/p>\n<ul>\n<li>Attraktives Design<\/li>\n<li>Variabler Anwendungsbereich<\/li>\n<li>Best\u00e4ndiges und robustes Material<\/li>\n<li>Wettbewerbsf\u00e4hige Preise \u2013 Leistungsration<\/li>\n<li>Verschiedene Anbauteile<\/li>\n<li>H\u00f6chstes Komfortniveau<\/li>\n<li>Verschiedene Polsterungsm\u00f6glichkeiten<\/li>\n<\/ul>\n<\/div>\n<\/div>\n<p>[\/vc_column_text][mvc_advanced_button btn_animation=&#8221;button&#8211;ujarak&#8221; btn_text=&#8221;Download PDF&#8221; btn_icon=&#8221;fas fa-file-download&#8221; btn_hvrbg=&#8221;#003366&#8243;][\/vc_column_inner][vc_column_inner width=&#8221;1\/2&#8243;][vc_single_image image=&#8221;7535&#8243; img_size=&#8221;large&#8221; css_animation=&#8221;none&#8221;][\/vc_column_inner][\/vc_row_inner][\/vc_column][\/vc_row]<\/p>\n","protected":false},"excerpt":{"rendered":"<p>[vc_row css=&#8221;.vc_custom_1520677707881{margin-top: -30px !important;}&#8221;][vc_column el_class=&#8221;top_up_testing&#8221; css=&#8221;.vc_custom_1659604007422{margin-top: 0px !important;}&#8221;][vc_empty_space height=&#8221;50px&#8221;][vc_column_text]REISEVERKEHR[\/vc_column_text][vc_row_inner][vc_column_inner][vc_column_text] Immer die richtige L\u00f6sung f\u00fcr jeden Bedarf Die Reisebus Sitzsystemen von Vogelsitze bringen bestechende Eleganz, h\u00f6chster Komfort und perfekte Sicherheit in innovativem Design und modernster Technik. Mit vielf\u00e4ltigen Sitzsystemen und variablen Ausstattungsprogrammen bieten wir kundenindividuelle Produkte, funktionales und formsch\u00f6nes Zubeh\u00f6r &#8211; die perfekten L\u00f6sungen f\u00fcr jeden [&hellip;]<\/p>\n","protected":false},"author":14,"featured_media":0,"parent":0,"menu_order":0,"comment_status":"closed","ping_status":"closed","template":"","meta":{"footnotes":""},"class_list":["post-5201","page","type-page","status-publish","hentry"],"_links":{"self":[{"href":"https:\/\/www.brusaseating.eu\/de\/wp-json\/wp\/v2\/pages\/5201","targetHints":{"allow":["GET"]}}],"collection":[{"href":"https:\/\/www.brusaseating.eu\/de\/wp-json\/wp\/v2\/pages"}],"about":[{"href":"https:\/\/www.brusaseating.eu\/de\/wp-json\/wp\/v2\/types\/page"}],"author":[{"embeddable":true,"href":"https:\/\/www.brusaseating.eu\/de\/wp-json\/wp\/v2\/users\/14"}],"replies":[{"embeddable":true,"href":"https:\/\/www.brusaseating.eu\/de\/wp-json\/wp\/v2\/comments?post=5201"}],"version-history":[{"count":47,"href":"https:\/\/www.brusaseating.eu\/de\/wp-json\/wp\/v2\/pages\/5201\/revisions"}],"predecessor-version":[{"id":7737,"href":"https:\/\/www.brusaseating.eu\/de\/wp-json\/wp\/v2\/pages\/5201\/revisions\/7737"}],"wp:attachment":[{"href":"https:\/\/www.brusaseating.eu\/de\/wp-json\/wp\/v2\/media?parent=5201"}],"curies":[{"name":"wp","href":"https:\/\/api.w.org\/{rel}","templated":true}]}}