{"id":5196,"date":"2022-07-27T11:28:20","date_gmt":"2022-07-27T09:28:20","guid":{"rendered":"https:\/\/www.vogelsitze.com\/nahverker\/"},"modified":"2023-05-17T09:42:19","modified_gmt":"2023-05-17T07:42:19","slug":"nahverkehr-2","status":"publish","type":"page","link":"https:\/\/www.brusaseating.eu\/de\/nahverkehr-2\/","title":{"rendered":"Nahverkehr"},"content":{"rendered":"<p>[vc_row css=&#8221;.vc_custom_1520677707881{margin-top: -30px !important;}&#8221;][vc_column el_class=&#8221;top_up_testing&#8221;][vc_empty_space height=&#8221;50px&#8221;][vc_column_text]<strong style=\"font-size: 45px;\">NAHVERKEHR<\/strong>[\/vc_column_text][vc_empty_space height=&#8221;50px&#8221;][vc_row_inner][vc_column_inner width=&#8221;1\/2&#8243;][vc_single_image image=&#8221;5334&#8243; img_size=&#8221;full&#8221;][\/vc_column_inner][vc_column_inner width=&#8221;1\/2&#8243;][vc_separator color=&#8221;black&#8221;][vc_column_text]<strong style=\"font-size: 30px;\">CREATE 50<\/strong>[\/vc_column_text][mvc_advanced_button btn_animation=&#8221;button&#8211;ujarak&#8221; btn_text=&#8221;Download PDF&#8221; btn_icon=&#8221;fas fa-file-download&#8221;][\/vc_column_inner][\/vc_row_inner][vc_empty_space][vc_row_inner][vc_column_inner width=&#8221;1\/2&#8243;][vc_separator color=&#8221;black&#8221;][vc_column_text]<strong style=\"font-size: 30px;\">CREATE 60<\/strong>[\/vc_column_text][vc_column_text]<\/p>\n<div style=\"border-right: 1px solid #000000;\">\n<div style=\"margin-right: 15px; text-align: justify;\">\n<h3>Create 60 steht f\u00fcr h\u00f6chste Produktinnovation<\/h3>\n<p style=\"text-align: justify;\">Ein moderner Stadt- und \u00dcberlandbussitz mit bestem Sitzkomfort und perfekter Ergonomie. Ausgestattet mit verschiedenen Zubeh\u00f6rsortimenten erf\u00fcllt der Sitz alle Anforderungen f\u00fcr einen Sitz in seiner Klasse. Das modulare Sitzdesign erm\u00f6glicht einen einfachen und schnellen Austausch von Sitzkomponenten sowie Sitz- und R\u00fcckenlehnenbez\u00fcgen.<\/p>\n<ul>\n<li>Attraktives Design<\/li>\n<li>Variabler Anwendungsbereich<\/li>\n<li>Best\u00e4ndiges und robustes Material<\/li>\n<li>Wettbewerbsf\u00e4hige Preise \u2013 Leistungsration<\/li>\n<li>Verschiedene Anbauteile<\/li>\n<li>Geringgewichtiger und Modularer Sit<\/li>\n<li>Kurzer R\u00fccken<\/li>\n<\/ul>\n<\/div>\n<\/div>\n<p>[\/vc_column_text][mvc_advanced_button btn_animation=&#8221;button&#8211;ujarak&#8221; btn_text=&#8221;Download PDF&#8221; btn_icon=&#8221;fas fa-file-download&#8221; btn_url=&#8221;url:http%3A%2F%2Fwww.brusaseating.eu%2Fwp-content%2Fuploads%2FCreate-6070.pdf|target:_blank&#8221; caption_url=&#8221;&#8221; caption_urls=&#8221;&#8221; caption_urlss=&#8221;&#8221;][\/vc_column_inner][vc_column_inner width=&#8221;1\/2&#8243; css=&#8221;.vc_custom_1659961205263{margin-top: -40px !important;}&#8221;][vc_single_image image=&#8221;3490&#8243; img_size=&#8221;full&#8221;][\/vc_column_inner][\/vc_row_inner][vc_empty_space][vc_row_inner][vc_column_inner width=&#8221;1\/2&#8243; css=&#8221;.vc_custom_1659961210244{margin-top: -40px !important;}&#8221;][vc_single_image image=&#8221;3524&#8243; img_size=&#8221;full&#8221;][\/vc_column_inner][vc_column_inner width=&#8221;1\/2&#8243;][vc_separator color=&#8221;black&#8221;][vc_column_text]<strong style=\"font-size: 30px; margin-left: 15px;\">CREATE 70<\/strong>[\/vc_column_text][mvc_advanced_button btn_animation=&#8221;button&#8211;ujarak&#8221; btn_text=&#8221;Download PDF&#8221; btn_icon=&#8221;fas fa-file-download&#8221; btn_url=&#8221;url:http%3A%2F%2Fwww.brusaseating.eu%2Fwp-content%2Fuploads%2FCreate-6070.pdf|target:_blank&#8221; caption_url=&#8221;&#8221; caption_urls=&#8221;&#8221; caption_urlss=&#8221;&#8221;][\/vc_column_inner][\/vc_row_inner][\/vc_column][\/vc_row]<\/p>\n","protected":false},"excerpt":{"rendered":"<p>[vc_row css=&#8221;.vc_custom_1520677707881{margin-top: -30px !important;}&#8221;][vc_column el_class=&#8221;top_up_testing&#8221;][vc_empty_space height=&#8221;50px&#8221;][vc_column_text]NAHVERKEHR[\/vc_column_text][vc_empty_space height=&#8221;50px&#8221;][vc_row_inner][vc_column_inner width=&#8221;1\/2&#8243;][vc_single_image image=&#8221;5334&#8243; img_size=&#8221;full&#8221;][\/vc_column_inner][vc_column_inner width=&#8221;1\/2&#8243;][vc_separator color=&#8221;black&#8221;][vc_column_text]CREATE 50[\/vc_column_text][mvc_advanced_button btn_animation=&#8221;button&#8211;ujarak&#8221; btn_text=&#8221;Download PDF&#8221; btn_icon=&#8221;fas fa-file-download&#8221;][\/vc_column_inner][\/vc_row_inner][vc_empty_space][vc_row_inner][vc_column_inner width=&#8221;1\/2&#8243;][vc_separator color=&#8221;black&#8221;][vc_column_text]CREATE 60[\/vc_column_text][vc_column_text] Create 60 steht f\u00fcr h\u00f6chste Produktinnovation Ein moderner Stadt- und \u00dcberlandbussitz mit bestem Sitzkomfort und perfekter Ergonomie. Ausgestattet mit verschiedenen Zubeh\u00f6rsortimenten erf\u00fcllt der Sitz alle Anforderungen f\u00fcr einen Sitz in seiner Klasse. Das modulare [&hellip;]<\/p>\n","protected":false},"author":14,"featured_media":0,"parent":0,"menu_order":0,"comment_status":"closed","ping_status":"closed","template":"","meta":{"footnotes":""},"class_list":["post-5196","page","type-page","status-publish","hentry"],"_links":{"self":[{"href":"https:\/\/www.brusaseating.eu\/de\/wp-json\/wp\/v2\/pages\/5196","targetHints":{"allow":["GET"]}}],"collection":[{"href":"https:\/\/www.brusaseating.eu\/de\/wp-json\/wp\/v2\/pages"}],"about":[{"href":"https:\/\/www.brusaseating.eu\/de\/wp-json\/wp\/v2\/types\/page"}],"author":[{"embeddable":true,"href":"https:\/\/www.brusaseating.eu\/de\/wp-json\/wp\/v2\/users\/14"}],"replies":[{"embeddable":true,"href":"https:\/\/www.brusaseating.eu\/de\/wp-json\/wp\/v2\/comments?post=5196"}],"version-history":[{"count":35,"href":"https:\/\/www.brusaseating.eu\/de\/wp-json\/wp\/v2\/pages\/5196\/revisions"}],"predecessor-version":[{"id":5634,"href":"https:\/\/www.brusaseating.eu\/de\/wp-json\/wp\/v2\/pages\/5196\/revisions\/5634"}],"wp:attachment":[{"href":"https:\/\/www.brusaseating.eu\/de\/wp-json\/wp\/v2\/media?parent=5196"}],"curies":[{"name":"wp","href":"https:\/\/api.w.org\/{rel}","templated":true}]}}