{"id":5190,"date":"2022-07-27T11:25:29","date_gmt":"2022-07-27T09:25:29","guid":{"rendered":"https:\/\/www.vogelsitze.com\/regionalverkehr\/"},"modified":"2023-06-19T10:34:56","modified_gmt":"2023-06-19T08:34:56","slug":"regionalverkehr","status":"publish","type":"page","link":"https:\/\/www.brusaseating.eu\/de\/regionalverkehr\/","title":{"rendered":"Regionalverkehr"},"content":{"rendered":"<p>[vc_row][vc_column el_class=&#8221;top_up&#8221;][vc_empty_space height=&#8221;50px&#8221;][vc_column_text]<strong style=\"font-size: 45px;\">REGIONALVERKEHR<\/strong>[\/vc_column_text][vc_empty_space height=&#8221;50px&#8221;][vc_row_inner el_id=&#8221;arondocity&#8221;][vc_column_inner width=&#8221;1\/2&#8243;][vc_column_text]<strong style=\"font-size: 30px;\">CREATE 70<\/strong>[\/vc_column_text][vc_column_text][\/vc_column_text][mvc_advanced_button btn_animation=&#8221;button&#8211;ujarak&#8221; btn_text=&#8221;Download PDF&#8221; btn_icon=&#8221;fas fa-file-download&#8221; btn_hvrbg=&#8221;#003366&#8243; btn_url=&#8221;url:http%3A%2F%2Fwww.brusaseating.eu%2Fwp-content%2Fuploads%2FCreate-6070.pdf|target:_blank&#8221;][\/vc_column_inner][vc_column_inner width=&#8221;1\/2&#8243;][vc_single_image image=&#8221;3524&#8243; img_size=&#8221;full&#8221;][\/vc_column_inner][\/vc_row_inner][vc_separator color=&#8221;black&#8221;][vc_row_inner el_id=&#8221;arondocombi&#8221;][vc_column_inner width=&#8221;1\/2&#8243;][vc_single_image image=&#8221;7844&#8243; img_size=&#8221;full&#8221;][\/vc_column_inner][vc_column_inner width=&#8221;1\/2&#8243;][vc_column_text]<strong style=\"font-size: 30px; margin-left: 15px;\">CREATE 80<\/strong>[\/vc_column_text][vc_column_text]<\/p>\n<div style=\"border-right: 1px solid #000000;\">\n<div style=\"margin-right: 15px;\">\n<h3>Create 80 steht f\u00fcr h\u00f6chste Produktinnovation<\/h3>\n<p style=\"text-align: justify;\">Der Sitz Create 80 ist f\u00fcr Regionalbusse entwickelt worden. Er ist mit 2- und 3-Punkt-Sicherheitsgurten ausgestattet. Und mit dem optionalen R\u00fcckenlehnenmechanismus bietet es eine L\u00f6sung f\u00fcr Reisebusse. Gepr\u00fcft nach EU-Richtlinien.<\/p>\n<ul>\n<li>Variabler Anwendungsbereich<\/li>\n<li>Wettbewerbsf\u00e4hige Preise \u2013 Leistungsration<\/li>\n<li>Vielseitiger Sitz<\/li>\n<li>Geringgewichtiger und Modularer Sitz<\/li>\n<li>Verschiedene Anbauteile<\/li>\n<\/ul>\n<\/div>\n<\/div>\n<p>[\/vc_column_text][mvc_advanced_button btn_animation=&#8221;button&#8211;ujarak&#8221; btn_text=&#8221;Download PDF&#8221; btn_icon=&#8221;fas fa-file-download&#8221; btn_hvrbg=&#8221;#003366&#8243; btn_url=&#8221;url:http%3A%2F%2Fwww.brusaseating.eu%2Fwp-content%2Fuploads%2FCreate-80.pdf|target:_blank&#8221;][\/vc_column_inner][\/vc_row_inner][vc_separator color=&#8221;black&#8221;][vc_row_inner el_id=&#8221;arondo&#8221;][vc_column_inner width=&#8221;1\/2&#8243;][vc_column_text]<strong style=\"font-size: 30px;\">EXTEND 90<\/strong>[\/vc_column_text][vc_column_text]<\/p>\n<div style=\"border-right: 1px solid #000000;\">\n<div style=\"margin-right: 15px;\">\n<h3>Extend 90 steht f\u00fcr h\u00f6chste Produktinnovation<\/h3>\n<p style=\"text-align: justify;\">Der Sitz Extend 90 ist f\u00fcr Regionalbusse entwickelt worden. Er ist mit 2- und 3-Punkt-Sicherheitsgurten ausgestattet. Und mit dem optionalen R\u00fcckenlehnenmechanismus bietet es eine L\u00f6sung f\u00fcr Reisebusse. Gepr\u00fcft nach EU-Richtlinien.<\/p>\n<ul>\n<li>Attraktives Design<\/li>\n<li>H\u00f6chstes Komfortniveau<\/li>\n<li>Variabler Anwendungsbereich<\/li>\n<li>Best\u00e4ndiges und robustes Material<\/li>\n<li>Wettbewerbsf\u00e4hige Preise \u2013 Leistungsration<\/li>\n<li>Verschiedene Anbauteile<\/li>\n<li>Geringgewichtiger und Modularer Sitz<\/li>\n<li>Sehr d\u00fcnner R\u00fccken<\/li>\n<li>Verschiedene Polsterungsm\u00f6glichkeiten<\/li>\n<\/ul>\n<\/div>\n<\/div>\n<p>[\/vc_column_text][mvc_advanced_button btn_animation=&#8221;button&#8211;ujarak&#8221; btn_text=&#8221;Download PDF&#8221; btn_icon=&#8221;fas fa-file-download&#8221; btn_hvrbg=&#8221;#003366&#8243; btn_url=&#8221;target:_blank&#8221;][\/vc_column_inner][vc_column_inner width=&#8221;1\/2&#8243;][vc_single_image image=&#8221;7528&#8243; img_size=&#8221;large&#8221; css_animation=&#8221;fadeInRight&#8221;][\/vc_column_inner][\/vc_row_inner][\/vc_column][\/vc_row]<\/p>\n","protected":false},"excerpt":{"rendered":"<p>[vc_row][vc_column el_class=&#8221;top_up&#8221;][vc_empty_space height=&#8221;50px&#8221;][vc_column_text]REGIONALVERKEHR[\/vc_column_text][vc_empty_space height=&#8221;50px&#8221;][vc_row_inner el_id=&#8221;arondocity&#8221;][vc_column_inner width=&#8221;1\/2&#8243;][vc_column_text]CREATE 70[\/vc_column_text][vc_column_text][\/vc_column_text][mvc_advanced_button btn_animation=&#8221;button&#8211;ujarak&#8221; btn_text=&#8221;Download PDF&#8221; btn_icon=&#8221;fas fa-file-download&#8221; btn_hvrbg=&#8221;#003366&#8243; btn_url=&#8221;url:http%3A%2F%2Fwww.brusaseating.eu%2Fwp-content%2Fuploads%2FCreate-6070.pdf|target:_blank&#8221;][\/vc_column_inner][vc_column_inner width=&#8221;1\/2&#8243;][vc_single_image image=&#8221;3524&#8243; img_size=&#8221;full&#8221;][\/vc_column_inner][\/vc_row_inner][vc_separator color=&#8221;black&#8221;][vc_row_inner el_id=&#8221;arondocombi&#8221;][vc_column_inner width=&#8221;1\/2&#8243;][vc_single_image image=&#8221;7844&#8243; img_size=&#8221;full&#8221;][\/vc_column_inner][vc_column_inner width=&#8221;1\/2&#8243;][vc_column_text]CREATE 80[\/vc_column_text][vc_column_text] Create 80 steht f\u00fcr h\u00f6chste Produktinnovation Der Sitz Create 80 ist f\u00fcr Regionalbusse entwickelt worden. Er ist mit 2- und 3-Punkt-Sicherheitsgurten ausgestattet. Und mit dem optionalen R\u00fcckenlehnenmechanismus bietet es eine L\u00f6sung [&hellip;]<\/p>\n","protected":false},"author":14,"featured_media":0,"parent":0,"menu_order":0,"comment_status":"closed","ping_status":"closed","template":"","meta":{"footnotes":""},"class_list":["post-5190","page","type-page","status-publish","hentry"],"_links":{"self":[{"href":"https:\/\/www.brusaseating.eu\/de\/wp-json\/wp\/v2\/pages\/5190","targetHints":{"allow":["GET"]}}],"collection":[{"href":"https:\/\/www.brusaseating.eu\/de\/wp-json\/wp\/v2\/pages"}],"about":[{"href":"https:\/\/www.brusaseating.eu\/de\/wp-json\/wp\/v2\/types\/page"}],"author":[{"embeddable":true,"href":"https:\/\/www.brusaseating.eu\/de\/wp-json\/wp\/v2\/users\/14"}],"replies":[{"embeddable":true,"href":"https:\/\/www.brusaseating.eu\/de\/wp-json\/wp\/v2\/comments?post=5190"}],"version-history":[{"count":27,"href":"https:\/\/www.brusaseating.eu\/de\/wp-json\/wp\/v2\/pages\/5190\/revisions"}],"predecessor-version":[{"id":5374,"href":"https:\/\/www.brusaseating.eu\/de\/wp-json\/wp\/v2\/pages\/5190\/revisions\/5374"}],"wp:attachment":[{"href":"https:\/\/www.brusaseating.eu\/de\/wp-json\/wp\/v2\/media?parent=5190"}],"curies":[{"name":"wp","href":"https:\/\/api.w.org\/{rel}","templated":true}]}}